{"id":771,"date":"2025-07-16T15:39:12","date_gmt":"2025-07-16T13:39:12","guid":{"rendered":"https:\/\/claudiaknorpp.com\/about"},"modified":"2026-01-21T12:27:33","modified_gmt":"2026-01-21T11:27:33","slug":"about","status":"publish","type":"page","link":"https:\/\/claudiaknorpp.com\/it\/about\/","title":{"rendered":"Claudia"},"content":{"rendered":"<div data-elementor-type=\"wp-post\" data-elementor-id=\"771\" class=\"elementor elementor-771\">\n\t\t\t\t<div class=\"elementor-element elementor-element-fcbcef2 e-flex e-con-boxed e-con e-parent\" data-id=\"fcbcef2\" data-element_type=\"container\" data-e-type=\"container\" data-settings=\"{&quot;background_background&quot;:&quot;classic&quot;}\">\n\t\t\t\t\t<div class=\"e-con-inner\">\n\t\t\t\t<div class=\"elementor-element elementor-element-583fe58 elementor-widget__width-initial elementor-widget elementor-widget-heading\" data-id=\"583fe58\" data-element_type=\"widget\" data-e-type=\"widget\" data-widget_type=\"heading.default\">\n\t\t\t\t\t<h1 class=\"elementor-heading-title elementor-size-default\">Claudia<\/h1>\t\t\t\t<\/div>\n\t\t\t\t\t<\/div>\n\t\t\t\t<\/div>\n\t\t<div class=\"elementor-element elementor-element-40f0b39 e-flex e-con-boxed e-con e-parent\" data-id=\"40f0b39\" data-element_type=\"container\" data-e-type=\"container\" data-settings=\"{&quot;background_background&quot;:&quot;classic&quot;}\">\n\t\t\t\t\t<div class=\"e-con-inner\">\n\t\t\t\t<div class=\"elementor-element elementor-element-719f205 elementor-widget elementor-widget-heading\" data-id=\"719f205\" data-element_type=\"widget\" data-e-type=\"widget\" data-widget_type=\"heading.default\">\n\t\t\t\t\t<h3 class=\"elementor-heading-title elementor-size-default\">Chi sono<\/h3>\t\t\t\t<\/div>\n\t\t\t\t\t<\/div>\n\t\t\t\t<\/div>\n\t\t<div class=\"elementor-element elementor-element-7068715 e-flex e-con-boxed e-con e-parent\" data-id=\"7068715\" data-element_type=\"container\" data-e-type=\"container\" data-settings=\"{&quot;background_background&quot;:&quot;classic&quot;}\">\n\t\t\t\t\t<div class=\"e-con-inner\">\n\t\t<div class=\"elementor-element elementor-element-fd6fefd e-con-full e-flex e-con e-child\" data-id=\"fd6fefd\" data-element_type=\"container\" data-e-type=\"container\">\n\t\t\t\t<div class=\"elementor-element elementor-element-2be8b32 elementor-widget__width-initial elementor-widget elementor-widget-text-editor\" data-id=\"2be8b32\" data-element_type=\"widget\" data-e-type=\"widget\" data-widget_type=\"text-editor.default\">\n\t\t\t\t\t\t\t\t\t<p>Gi\u00e0 da bambina ero affascinata da come gli spazi potessero cambiare semplicemente riorganizzando i mobili. Mi \u00e8 rimasta particolarmente impressa un\u2019amica di famiglia che, durante le sue visite, iniziava a spostare l\u2019arredamento del nostro soggiorno, creando ogni volta un\u2019atmosfera completamente nuova.<\/p><p>Durante la formazione presso la scuola tecnica del legno e successivamente nel corso di studi in interior design, progettavo e realizzavo mobili di mia ideazione nel garage dei miei genitori, che poi vendevo. Dopo diversi anni come interior designer dipendente, ho avviato la mia attivit\u00e0 in proprio, maturando nel tempo una vasta esperienza in progetti di natura molto diversa.<\/p>\t\t\t\t\t\t\t\t<\/div>\n\t\t\t\t<\/div>\n\t\t<div class=\"elementor-element elementor-element-d09ab0b e-con-full e-flex e-con e-child\" data-id=\"d09ab0b\" data-element_type=\"container\" data-e-type=\"container\">\n\t\t\t\t<div class=\"elementor-element elementor-element-3049acf elementor-widget elementor-widget-image\" data-id=\"3049acf\" data-element_type=\"widget\" data-e-type=\"widget\" data-widget_type=\"image.default\">\n\t\t\t\t\t\t\t\t\t\t\t\t\t\t\t<img decoding=\"async\" src=\"https:\/\/claudiaknorpp.com\/wp-content\/uploads\/elementor\/thumbs\/ueber-mich-okClaudia-KnorppFlurBlick-seitlichhorizontal8-rhp9izteukk64l7thvxptfhiw3yaufkvvjvn3ia26g.jpg\" title=\"ueber mich, ok,claudia knorpp,flur,blick seitlich,horizontal,8\" alt=\"ueber mich, ok,claudia knorpp,flur,blick seitlich,horizontal,8\" loading=\"lazy\" \/>\t\t\t\t\t\t\t\t\t\t\t\t\t\t\t<\/div>\n\t\t\t\t<\/div>\n\t\t\t\t\t<\/div>\n\t\t\t\t<\/div>\n\t\t<div class=\"elementor-element elementor-element-a2537f2 e-flex e-con-boxed e-con e-parent\" data-id=\"a2537f2\" data-element_type=\"container\" data-e-type=\"container\" data-settings=\"{&quot;background_background&quot;:&quot;classic&quot;}\">\n\t\t\t\t\t<div class=\"e-con-inner\">\n\t\t\t\t<div class=\"elementor-element elementor-element-efc71d5 elementor-widget elementor-widget-text-editor\" data-id=\"efc71d5\" data-element_type=\"widget\" data-e-type=\"widget\" data-widget_type=\"text-editor.default\">\n\t\t\t\t\t\t\t\t\t<p>Amo la sfida di sviluppare qualcosa di nuovo partendo da ci\u00f2 che esiste gi\u00e0. Con sensibilit\u00e0, cura e grande attenzione ai dettagli realizzo i desideri e le idee delle mie clienti e dei miei clienti. Ogni progetto \u00e8 per me un processo di sviluppo condiviso, caratterizzato da fiducia, dialogo e lavoro di squadra.<\/p><p>Ci\u00f2 che per me \u00e8 importante oltre al lavoro: il tempo con la mia famiglia, le buone conversazioni con gli amici, le passeggiate nella natura, gli animali e i bei dettagli \u2013 che si tratti di oggetti, architettura o arte.<\/p>\t\t\t\t\t\t\t\t<\/div>\n\t\t\t\t\t<\/div>\n\t\t\t\t<\/div>\n\t\t<div class=\"elementor-element elementor-element-5cfc4cc e-flex e-con-boxed e-con e-parent\" data-id=\"5cfc4cc\" data-element_type=\"container\" data-e-type=\"container\" data-settings=\"{&quot;background_background&quot;:&quot;classic&quot;}\">\n\t\t\t\t\t<div class=\"e-con-inner\">\n\t\t<div class=\"elementor-element elementor-element-3d1bc0d e-flex e-con-boxed e-con e-child\" data-id=\"3d1bc0d\" data-element_type=\"container\" data-e-type=\"container\">\n\t\t\t\t\t<div class=\"e-con-inner\">\n\t\t\t\t<div class=\"elementor-element elementor-element-ce14395 elementor-widget elementor-widget-heading\" data-id=\"ce14395\" data-element_type=\"widget\" data-e-type=\"widget\" data-widget_type=\"heading.default\">\n\t\t\t\t\t<h3 class=\"elementor-heading-title elementor-size-default\">Con grande attenzione ai dettagli<\/h3>\t\t\t\t<\/div>\n\t\t\t\t<div class=\"elementor-element elementor-element-78b6c9f elementor-widget elementor-widget-text-editor\" data-id=\"78b6c9f\" data-element_type=\"widget\" data-e-type=\"widget\" data-widget_type=\"text-editor.default\">\n\t\t\t\t\t\t\t\t\t<p>Ogni progettazione \u00e8 un processo condiviso. Con sensibilit\u00e0, chiarezza e attenzione all\u2019essenziale sviluppo spazi che risultano armoniosi \u2013 oggi e nel tempo.<\/p>\t\t\t\t\t\t\t\t<\/div>\n\t\t\t\t<div class=\"elementor-element elementor-element-7dd09c4 elementor-widget__width-initial elementor-widget elementor-widget-text-editor\" data-id=\"7dd09c4\" data-element_type=\"widget\" data-e-type=\"widget\" data-widget_type=\"text-editor.default\">\n\t\t\t\t\t\t\t\t\t<p>Die Stilrichtung spielt zu Beginn einer Planung keine entscheidende Rolle.<br \/>Zuerst legen wir gemeinsam die bestm\u00f6gliche Nutzung der R\u00e4ume fest \u2013 immer orientiert an den individuellen Bed\u00fcrfnissen und dem Alltag meiner Kundinnen und Kunden.<\/p><p>Erst im n\u00e4chsten Schritt entwickeln wir daraus die Gestaltung: Materialien, Farben und die passende Stilrichtung. Auch die Planung von Elektrik und Wasserinstallationen erfolgt auf dieser Grundlage \u2013 insbesondere bei Umbauten oder Neubauten. Alles greift ineinander und wird ganzheitlich gedacht.<\/p><p>Ti supporto nel trasformare ci\u00f2 che esiste in qualcosa di nuovo \u2013 sia per singoli ambienti sia nella progettazione di un\u2019intera abitazione.<\/p><p>Il mio focus \u00e8 sulla progettazione d\u2019interni, comprese le necessarie misure di ristrutturazione, la progettazione e il design degli arredi, la pianificazione degli impianti elettrici e l\u2019homestyling. Inoltre, ti accompagno nell\u2019acquisto e nella gestione della tua nuova casa in Italia \u2013 in lingua tedesca e italiana.<\/p>\t\t\t\t\t\t\t\t<\/div>\n\t\t\t\t\t<\/div>\n\t\t\t\t<\/div>\n\t\t\t\t\t<\/div>\n\t\t\t\t<\/div>\n\t\t<div class=\"elementor-element elementor-element-8b10abe e-flex e-con-boxed e-con e-parent\" data-id=\"8b10abe\" data-element_type=\"container\" data-e-type=\"container\" data-settings=\"{&quot;background_background&quot;:&quot;classic&quot;}\">\n\t\t\t\t\t<div class=\"e-con-inner\">\n\t\t\t\t<div class=\"elementor-element elementor-element-8e21371 elementor-arrows-position-inside elementor-pagination-position-outside elementor-widget elementor-widget-image-carousel\" data-id=\"8e21371\" data-element_type=\"widget\" data-e-type=\"widget\" data-settings=\"{&quot;navigation&quot;:&quot;both&quot;,&quot;autoplay&quot;:&quot;yes&quot;,&quot;pause_on_hover&quot;:&quot;yes&quot;,&quot;pause_on_interaction&quot;:&quot;yes&quot;,&quot;autoplay_speed&quot;:5000,&quot;infinite&quot;:&quot;yes&quot;,&quot;speed&quot;:500}\" data-widget_type=\"image-carousel.default\">\n\t\t\t\t\t\t\t<div class=\"elementor-image-carousel-wrapper swiper\" role=\"region\" aria-roledescription=\"carousel\" aria-label=\"Bild Karussell\" dir=\"ltr\">\n\t\t\t<div class=\"elementor-image-carousel swiper-wrapper\" aria-live=\"off\">\n\t\t\t\t\t\t\t\t<div class=\"swiper-slide\" role=\"group\" aria-roledescription=\"slide\" aria-label=\"1 di 4\"><figure class=\"swiper-slide-inner\"><img decoding=\"async\" class=\"swiper-slide-image\" src=\"https:\/\/claudiaknorpp.com\/wp-content\/uploads\/elementor\/thumbs\/vano-scale-rbn4zrx418d6wcsxqw2gnjp71mr3n89s28ecbrbibs.jpg\" alt=\"vano scale\" title=\"Claudia\"><\/figure><\/div><div class=\"swiper-slide\" role=\"group\" aria-roledescription=\"slide\" aria-label=\"2 di 4\"><figure class=\"swiper-slide-inner\"><img decoding=\"async\" class=\"swiper-slide-image\" src=\"https:\/\/claudiaknorpp.com\/wp-content\/uploads\/elementor\/thumbs\/IMG_20250826_163632-scaled-rbgl8w2v3cgm0eh66vz87ol3mzixq0xfk1zqgkwolk.jpg\" alt=\"img 20250826 163632\" title=\"Claudia\"><\/figure><\/div><div class=\"swiper-slide\" role=\"group\" aria-roledescription=\"slide\" aria-label=\"3 di 4\"><figure class=\"swiper-slide-inner\"><img decoding=\"async\" class=\"swiper-slide-image\" src=\"https:\/\/claudiaknorpp.com\/wp-content\/uploads\/elementor\/thumbs\/Detail-Kueche-ok-rbgl76zcr44z1qxx3nkh7m050xw2tp6vnnl69lf9u0.jpg\" alt=\"detail kueche ok\" title=\"Claudia\"><\/figure><\/div><div class=\"swiper-slide\" role=\"group\" aria-roledescription=\"slide\" aria-label=\"4 di 4\"><figure class=\"swiper-slide-inner\"><img decoding=\"async\" class=\"swiper-slide-image\" src=\"https:\/\/claudiaknorpp.com\/wp-content\/uploads\/elementor\/thumbs\/Detail-Roemerzimmer-rbglgbyv74nbx9o1qlrwgazgxsujnrgxkvx48fvhc8.jpg\" alt=\"detail roemerzimmer\" title=\"Claudia\"><\/figure><\/div>\t\t\t<\/div>\n\t\t\t\t\t\t\t\t\t\t\t\t<div class=\"elementor-swiper-button elementor-swiper-button-prev\" role=\"button\" tabindex=\"0\">\n\t\t\t\t\t\t<svg aria-hidden=\"true\" class=\"e-font-icon-svg e-eicon-chevron-left\" viewbox=\"0 0 1000 1000\" xmlns=\"http:\/\/www.w3.org\/2000\/svg\"><path d=\"M646 125C629 125 613 133 604 142L308 442C296 454 292 471 292 487 292 504 296 521 308 533L604 854C617 867 629 875 646 875 663 875 679 871 692 858 704 846 713 829 713 812 713 796 708 779 692 767L438 487 692 225C700 217 708 204 708 187 708 171 704 154 692 142 675 129 663 125 646 125Z\"><\/path><\/svg>\t\t\t\t\t<\/div>\n\t\t\t\t\t<div class=\"elementor-swiper-button elementor-swiper-button-next\" role=\"button\" tabindex=\"0\">\n\t\t\t\t\t\t<svg aria-hidden=\"true\" class=\"e-font-icon-svg e-eicon-chevron-right\" viewbox=\"0 0 1000 1000\" xmlns=\"http:\/\/www.w3.org\/2000\/svg\"><path d=\"M696 533C708 521 713 504 713 487 713 471 708 454 696 446L400 146C388 133 375 125 354 125 338 125 325 129 313 142 300 154 292 171 292 187 292 204 296 221 308 233L563 492 304 771C292 783 288 800 288 817 288 833 296 850 308 863 321 871 338 875 354 875 371 875 388 867 400 854L696 533Z\"><\/path><\/svg>\t\t\t\t\t<\/div>\n\t\t\t\t\n\t\t\t\t\t\t\t\t\t<div class=\"swiper-pagination\"><\/div>\n\t\t\t\t\t\t\t\t\t<\/div>\n\t\t\t\t\t\t<\/div>\n\t\t\t\t\t<\/div>\n\t\t\t\t<\/div>\n\t\t<div class=\"elementor-element elementor-element-e4b0e67 e-flex e-con-boxed e-con e-parent\" data-id=\"e4b0e67\" data-element_type=\"container\" data-e-type=\"container\" data-settings=\"{&quot;background_background&quot;:&quot;classic&quot;}\">\n\t\t\t\t\t<div class=\"e-con-inner\">\n\t\t\t\t<div class=\"elementor-element elementor-element-c2b07fc elementor-widget elementor-widget-heading\" data-id=\"c2b07fc\" data-element_type=\"widget\" data-e-type=\"widget\" data-widget_type=\"heading.default\">\n\t\t\t\t\t<h4 class=\"elementor-heading-title elementor-size-default\">Referenze<\/h4>\t\t\t\t<\/div>\n\t\t\t\t\t<\/div>\n\t\t\t\t<\/div>\n\t\t<div class=\"elementor-element elementor-element-256daa7 e-flex e-con-boxed e-con e-parent\" data-id=\"256daa7\" data-element_type=\"container\" data-e-type=\"container\" data-settings=\"{&quot;background_background&quot;:&quot;classic&quot;}\">\n\t\t\t\t\t<div class=\"e-con-inner\">\n\t\t\t\t<div class=\"elementor-element elementor-element-c49664a elementor-widget-tablet__width-inherit elementor-widget elementor-widget-text-editor\" data-id=\"c49664a\" data-element_type=\"widget\" data-e-type=\"widget\" data-widget_type=\"text-editor.default\">\n\t\t\t\t\t\t\t\t\t<p>Il mio lavoro \u00e8 stato pubblicato su riviste specializzate e riconosciuto nell\u2019ambito di concorsi.<br \/>Tra queste rientrano pubblicazioni su riviste di architettura, la realizzazione di un concorso vinto in ambito pubblico e una nomination nel campo della progettazione sostenibile di prodotti.<\/p>\t\t\t\t\t\t\t\t<\/div>\n\t\t\t\t\t<\/div>\n\t\t\t\t<\/div>\n\t\t<div class=\"elementor-element elementor-element-a385e70 e-flex e-con-boxed e-con e-parent\" data-id=\"a385e70\" data-element_type=\"container\" data-e-type=\"container\" data-settings=\"{&quot;background_background&quot;:&quot;classic&quot;}\">\n\t\t\t\t\t<div class=\"e-con-inner\">\n\t\t<div class=\"elementor-element elementor-element-6346408 e-con-full e-flex e-con e-child\" data-id=\"6346408\" data-element_type=\"container\" data-e-type=\"container\">\n\t\t\t\t<div class=\"elementor-element elementor-element-93b244d elementor-widget elementor-widget-image\" data-id=\"93b244d\" data-element_type=\"widget\" data-e-type=\"widget\" data-widget_type=\"image.default\">\n\t\t\t\t\t\t\t\t\t\t\t\t\t\t\t<img fetchpriority=\"high\" decoding=\"async\" width=\"300\" height=\"300\" src=\"https:\/\/claudiaknorpp.com\/wp-content\/uploads\/2026\/01\/Architettura-Grosseto-Port-Crousty-2003300-px.jpg\" class=\"attachment-medium size-medium wp-image-4191\" alt=\"architettura grosseto, port crousty 2003,300 px\" srcset=\"https:\/\/claudiaknorpp.com\/wp-content\/uploads\/2026\/01\/Architettura-Grosseto-Port-Crousty-2003300-px.jpg 300w, https:\/\/claudiaknorpp.com\/wp-content\/uploads\/2026\/01\/Architettura-Grosseto-Port-Crousty-2003300-px-150x150.jpg 150w\" sizes=\"(max-width: 300px) 100vw, 300px\" title=\"Claudia\">\t\t\t\t\t\t\t\t\t\t\t\t\t\t\t<\/div>\n\t\t\t\t<\/div>\n\t\t<div class=\"elementor-element elementor-element-6bf7b15 e-con-full e-flex e-con e-child\" data-id=\"6bf7b15\" data-element_type=\"container\" data-e-type=\"container\">\n\t\t\t\t<div class=\"elementor-element elementor-element-24078c1 elementor-widget elementor-widget-image\" data-id=\"24078c1\" data-element_type=\"widget\" data-e-type=\"widget\" data-widget_type=\"image.default\">\n\t\t\t\t\t\t\t\t\t\t\t\t\t\t\t<img decoding=\"async\" width=\"300\" height=\"300\" src=\"https:\/\/claudiaknorpp.com\/wp-content\/uploads\/2026\/01\/Architettura-Grosseto-Appartamento-Manganini-Punta-Ala-2004300-px.jpg\" class=\"attachment-medium size-medium wp-image-4190\" alt=\"architettura grosseto, appartamento manganini punta ala 2004,300 px\" srcset=\"https:\/\/claudiaknorpp.com\/wp-content\/uploads\/2026\/01\/Architettura-Grosseto-Appartamento-Manganini-Punta-Ala-2004300-px.jpg 300w, https:\/\/claudiaknorpp.com\/wp-content\/uploads\/2026\/01\/Architettura-Grosseto-Appartamento-Manganini-Punta-Ala-2004300-px-150x150.jpg 150w\" sizes=\"(max-width: 300px) 100vw, 300px\" title=\"Claudia\">\t\t\t\t\t\t\t\t\t\t\t\t\t\t\t<\/div>\n\t\t\t\t<\/div>\n\t\t<div class=\"elementor-element elementor-element-5f370ea e-con-full e-flex e-con e-child\" data-id=\"5f370ea\" data-element_type=\"container\" data-e-type=\"container\">\n\t\t\t\t<div class=\"elementor-element elementor-element-a80db84 elementor-widget elementor-widget-image\" data-id=\"a80db84\" data-element_type=\"widget\" data-e-type=\"widget\" data-widget_type=\"image.default\">\n\t\t\t\t\t\t\t\t\t\t\t\t\t\t\t<img decoding=\"async\" width=\"156\" height=\"300\" src=\"https:\/\/claudiaknorpp.com\/wp-content\/uploads\/2026\/01\/Nominierung-aquisale-malins-2022300-x-500-156x300.jpg\" class=\"attachment-medium size-medium wp-image-4192\" alt=\"nominierung aquisa,le malins 2022,300 x 500\" srcset=\"https:\/\/claudiaknorpp.com\/wp-content\/uploads\/2026\/01\/Nominierung-aquisale-malins-2022300-x-500-156x300.jpg 156w, https:\/\/claudiaknorpp.com\/wp-content\/uploads\/2026\/01\/Nominierung-aquisale-malins-2022300-x-500.jpg 300w\" sizes=\"(max-width: 156px) 100vw, 156px\" title=\"Claudia\">\t\t\t\t\t\t\t\t\t\t\t\t\t\t\t<\/div>\n\t\t\t\t<\/div>\n\t\t<div class=\"elementor-element elementor-element-0b72ea7 e-con-full e-flex e-con e-child\" data-id=\"0b72ea7\" data-element_type=\"container\" data-e-type=\"container\">\n\t\t\t\t<div class=\"elementor-element elementor-element-8289b42 elementor-widget elementor-widget-image\" data-id=\"8289b42\" data-element_type=\"widget\" data-e-type=\"widget\" data-widget_type=\"image.default\">\n\t\t\t\t\t\t\t\t\t\t\t\t\t\t\t<img loading=\"lazy\" decoding=\"async\" width=\"300\" height=\"300\" src=\"https:\/\/claudiaknorpp.com\/wp-content\/uploads\/2026\/01\/2-Premio-Gruppo-Arkell-300-x-300-px-300x300.jpg\" class=\"attachment-medium size-medium wp-image-5094\" alt=\"2 premio gruppo arkell 300 x 300 px\" srcset=\"https:\/\/claudiaknorpp.com\/wp-content\/uploads\/2026\/01\/2-Premio-Gruppo-Arkell-300-x-300-px-300x300.jpg 300w, https:\/\/claudiaknorpp.com\/wp-content\/uploads\/2026\/01\/2-Premio-Gruppo-Arkell-300-x-300-px-150x150.jpg 150w, https:\/\/claudiaknorpp.com\/wp-content\/uploads\/2026\/01\/2-Premio-Gruppo-Arkell-300-x-300-px-768x768.jpg 768w, https:\/\/claudiaknorpp.com\/wp-content\/uploads\/2026\/01\/2-Premio-Gruppo-Arkell-300-x-300-px-12x12.jpg 12w, https:\/\/claudiaknorpp.com\/wp-content\/uploads\/2026\/01\/elementor\/thumbs\/2-Premio-Gruppo-Arkell-300-x-300-px-rhza7b1v65vmqrlib9kojuud57oyhtmwc8kltu9fgo.jpg 500w, https:\/\/claudiaknorpp.com\/wp-content\/uploads\/2026\/01\/2-Premio-Gruppo-Arkell-300-x-300-px.jpg 979w\" sizes=\"(max-width: 300px) 100vw, 300px\" title=\"Claudia\">\t\t\t\t\t\t\t\t\t\t\t\t\t\t\t<\/div>\n\t\t\t\t<\/div>\n\t\t\t\t\t<\/div>\n\t\t\t\t<\/div>\n\t\t\t\t<\/div>","protected":false},"excerpt":{"rendered":"<p>Claudia \u00dcber mich Schon als Kind war ich fasziniert davon, wie sich R\u00e4ume ver\u00e4ndern, wenn M\u00f6bel neu angeordnet werden. Besonders in Erinnerung geblieben ist mir eine Freundin der Familie, die bei Besuchen begann, unser Wohnzimmer umzur\u00e4umen \u2013 und damit eine v\u00f6llig neue Atmosph\u00e4re schuf. W\u00e4hrend meiner Ausbildung an der Fachschule f\u00fcr Holz und sp\u00e4ter im [&hellip;]<\/p>\n","protected":false},"author":1,"featured_media":0,"parent":0,"menu_order":0,"comment_status":"closed","ping_status":"closed","template":"elementor_header_footer","meta":{"site-sidebar-layout":"no-sidebar","site-content-layout":"page-builder","ast-site-content-layout":"default","site-content-style":"default","site-sidebar-style":"default","ast-global-header-display":"","ast-banner-title-visibility":"","ast-main-header-display":"","ast-hfb-above-header-display":"","ast-hfb-below-header-display":"","ast-hfb-mobile-header-display":"","site-post-title":"disabled","ast-breadcrumbs-content":"","ast-featured-img":"disabled","footer-sml-layout":"","ast-disable-related-posts":"","theme-transparent-header-meta":"enabled","adv-header-id-meta":"","stick-header-meta":"","header-above-stick-meta":"","header-main-stick-meta":"","header-below-stick-meta":"","astra-migrate-meta-layouts":"default","ast-page-background-enabled":"default","ast-page-background-meta":{"desktop":{"background-color":"","background-image":"","background-repeat":"repeat","background-position":"center center","background-size":"auto","background-attachment":"scroll","background-type":"","background-media":"","overlay-type":"","overlay-color":"","overlay-opacity":"","overlay-gradient":""},"tablet":{"background-color":"","background-image":"","background-repeat":"repeat","background-position":"center center","background-size":"auto","background-attachment":"scroll","background-type":"","background-media":"","overlay-type":"","overlay-color":"","overlay-opacity":"","overlay-gradient":""},"mobile":{"background-color":"","background-image":"","background-repeat":"repeat","background-position":"center center","background-size":"auto","background-attachment":"scroll","background-type":"","background-media":"","overlay-type":"","overlay-color":"","overlay-opacity":"","overlay-gradient":""}},"ast-content-background-meta":{"desktop":{"background-color":"var(--ast-global-color-5)","background-image":"","background-repeat":"repeat","background-position":"center center","background-size":"auto","background-attachment":"scroll","background-type":"","background-media":"","overlay-type":"","overlay-color":"","overlay-opacity":"","overlay-gradient":""},"tablet":{"background-color":"var(--ast-global-color-5)","background-image":"","background-repeat":"repeat","background-position":"center center","background-size":"auto","background-attachment":"scroll","background-type":"","background-media":"","overlay-type":"","overlay-color":"","overlay-opacity":"","overlay-gradient":""},"mobile":{"background-color":"var(--ast-global-color-5)","background-image":"","background-repeat":"repeat","background-position":"center center","background-size":"auto","background-attachment":"scroll","background-type":"","background-media":"","overlay-type":"","overlay-color":"","overlay-opacity":"","overlay-gradient":""}},"footnotes":""},"class_list":["post-771","page","type-page","status-publish","hentry"],"_links":{"self":[{"href":"https:\/\/claudiaknorpp.com\/it\/wp-json\/wp\/v2\/pages\/771","targetHints":{"allow":["GET"]}}],"collection":[{"href":"https:\/\/claudiaknorpp.com\/it\/wp-json\/wp\/v2\/pages"}],"about":[{"href":"https:\/\/claudiaknorpp.com\/it\/wp-json\/wp\/v2\/types\/page"}],"author":[{"embeddable":true,"href":"https:\/\/claudiaknorpp.com\/it\/wp-json\/wp\/v2\/users\/1"}],"replies":[{"embeddable":true,"href":"https:\/\/claudiaknorpp.com\/it\/wp-json\/wp\/v2\/comments?post=771"}],"version-history":[{"count":381,"href":"https:\/\/claudiaknorpp.com\/it\/wp-json\/wp\/v2\/pages\/771\/revisions"}],"predecessor-version":[{"id":5097,"href":"https:\/\/claudiaknorpp.com\/it\/wp-json\/wp\/v2\/pages\/771\/revisions\/5097"}],"wp:attachment":[{"href":"https:\/\/claudiaknorpp.com\/it\/wp-json\/wp\/v2\/media?parent=771"}],"curies":[{"name":"wp","href":"https:\/\/api.w.org\/{rel}","templated":true}]}}