{"id":5369,"date":"2026-02-05T14:47:59","date_gmt":"2026-02-05T13:47:59","guid":{"rendered":"https:\/\/claudiaknorpp.com\/?page_id=5369"},"modified":"2026-02-05T14:47:59","modified_gmt":"2026-02-05T13:47:59","slug":"products-3-2-1","status":"publish","type":"page","link":"https:\/\/claudiaknorpp.com\/it\/products-3-2-1\/","title":{"rendered":"Produkte &#8211; Modell &#8211; Mini Bucket Bag &#8211; le malins &#8211; No31"},"content":{"rendered":"<div data-elementor-type=\"wp-post\" data-elementor-id=\"5369\" class=\"elementor elementor-5369\">\n\t\t\t\t<div class=\"elementor-element elementor-element-bc160be e-flex e-con-boxed e-con e-parent\" data-id=\"bc160be\" data-element_type=\"container\" data-e-type=\"container\" data-settings=\"{&quot;background_background&quot;:&quot;classic&quot;}\">\n\t\t\t\t\t<div class=\"e-con-inner\">\n\t\t<div class=\"elementor-element elementor-element-57c1314 e-con-full e-flex e-con e-child\" data-id=\"57c1314\" data-element_type=\"container\" data-e-type=\"container\" data-settings=\"{&quot;background_background&quot;:&quot;classic&quot;}\">\n\t\t\t\t<div class=\"elementor-element elementor-element-980353d elementor-widget elementor-widget-menu-anchor\" data-id=\"980353d\" data-element_type=\"widget\" data-e-type=\"widget\" data-widget_type=\"menu-anchor.default\">\n\t\t\t\t\t\t\t<div class=\"elementor-menu-anchor\" id=\"alleProdukteansehen\"><\/div>\n\t\t\t\t\t\t<\/div>\n\t\t\t\t<div class=\"elementor-element elementor-element-d0292a7 elementor-widget__width-initial elementor-widget elementor-widget-heading\" data-id=\"d0292a7\" data-element_type=\"widget\" data-e-type=\"widget\" id=\"Produkte\" data-widget_type=\"heading.default\">\n\t\t\t\t\t<h1 class=\"elementor-heading-title elementor-size-default\"><a href=\"https:\/\/claudiaknorpp.com\/wp-admin\/post.php?post=770&#038;action=elementor\/alle-Projekte-ansehen\">Mini Bucket Bag - \nle malins - No31<\/a><\/h1>\t\t\t\t<\/div>\n\t\t\t\t<div class=\"elementor-element elementor-element-8495660 elementor-widget__width-initial elementor-widget elementor-widget-text-editor\" data-id=\"8495660\" data-element_type=\"widget\" data-e-type=\"widget\" data-widget_type=\"text-editor.default\">\n\t\t\t\t\t\t\t\t\t<p>&#8222;le malins&#8220; &#8211; Kleine Ausgehtasche aus recycelten Segeln<\/p>\t\t\t\t\t\t\t\t<\/div>\n\t\t\t\t<\/div>\n\t\t\t\t\t<\/div>\n\t\t\t\t<\/div>\n\t\t<div class=\"elementor-element elementor-element-e3f0230 e-flex e-con-boxed e-con e-parent\" data-id=\"e3f0230\" data-element_type=\"container\" data-e-type=\"container\">\n\t\t\t\t\t<div class=\"e-con-inner\">\n\t\t\t\t<div class=\"elementor-element elementor-element-485e051 elementor-widget elementor-widget-heading\" data-id=\"485e051\" data-element_type=\"widget\" data-e-type=\"widget\" data-widget_type=\"heading.default\">\n\t\t\t\t\t<h3 class=\"elementor-heading-title elementor-size-default\">Descrizione<\/h3>\t\t\t\t<\/div>\n\t\t\t\t\t<\/div>\n\t\t\t\t<\/div>\n\t\t<div class=\"elementor-element elementor-element-c46f30a e-flex e-con-boxed e-con e-parent\" data-id=\"c46f30a\" data-element_type=\"container\" data-e-type=\"container\" data-settings=\"{&quot;background_background&quot;:&quot;classic&quot;}\">\n\t\t\t\t\t<div class=\"e-con-inner\">\n\t\t<div class=\"elementor-element elementor-element-0388186 e-con-full e-flex e-con e-child\" data-id=\"0388186\" data-element_type=\"container\" data-e-type=\"container\">\n\t\t\t\t<div class=\"elementor-element elementor-element-b0b1226 elementor-widget elementor-widget-text-editor\" data-id=\"b0b1226\" data-element_type=\"widget\" data-e-type=\"widget\" data-widget_type=\"text-editor.default\">\n\t\t\t\t\t\t\t\t\t<p class=\"translation-block\">La Mini Bucket Bag di le malins \u00e8 una borsa a tracolla compatta realizzata con vele riciclate, progettata per portare con s\u00e9 solo l\u2019essenziale con leggerezza e praticit\u00e0.\n\u00c8 ideale per uscire o per tutte le situazioni in cui \u00e8 richiesta una borsa piccola, leggera e resistente. All\u2019interno trovano posto comodamente smartphone, portafoglio e chiavi, mentre la base ovale consente di appoggiare la borsa in modo stabile.<\/p><p class=\"translation-block\">Oltre all\u2019uso quotidiano come borsa da uscita, la Mini Bucket Bag pu\u00f2 essere utilizzata anche per organizzare cosmetici e piccoli oggetti personali, sia a casa sia in viaggio.\nLa fodera interna idrorepellente, la chiusura con coulisse e la tracolla opzionale con moschettoni combinano funzionalit\u00e0 e design essenziale, valorizzando il carattere del tessuto nautico riciclato.\nCome tutte le borse le malins, anche questo modello \u00e8 un pezzo unico realizzato a mano, segnato dalla storia e dall\u2019utilizzo delle vele da cui proviene il materiale.<\/p>\t\t\t\t\t\t\t\t<\/div>\n\t\t\t\t<\/div>\n\t\t<div class=\"elementor-element elementor-element-36dcf83 e-con-full e-flex e-con e-child\" data-id=\"36dcf83\" data-element_type=\"container\" data-e-type=\"container\">\n\t\t\t\t<div class=\"elementor-element elementor-element-cf38ee4 elementor-arrows-position-inside elementor-pagination-position-outside elementor-widget elementor-widget-image-carousel\" data-id=\"cf38ee4\" data-element_type=\"widget\" data-e-type=\"widget\" data-settings=\"{&quot;slides_to_show&quot;:&quot;1&quot;,&quot;navigation&quot;:&quot;both&quot;,&quot;autoplay&quot;:&quot;yes&quot;,&quot;pause_on_hover&quot;:&quot;yes&quot;,&quot;pause_on_interaction&quot;:&quot;yes&quot;,&quot;autoplay_speed&quot;:5000,&quot;infinite&quot;:&quot;yes&quot;,&quot;effect&quot;:&quot;slide&quot;,&quot;speed&quot;:500}\" data-widget_type=\"image-carousel.default\">\n\t\t\t\t\t\t\t<div class=\"elementor-image-carousel-wrapper swiper\" role=\"region\" aria-roledescription=\"carousel\" aria-label=\"Bild Karussell\" dir=\"ltr\">\n\t\t\t<div class=\"elementor-image-carousel swiper-wrapper\" aria-live=\"off\">\n\t\t\t\t\t\t\t\t<div class=\"swiper-slide\" role=\"group\" aria-roledescription=\"slide\" aria-label=\"1 von 8\"><figure class=\"swiper-slide-inner\"><img decoding=\"async\" class=\"swiper-slide-image\" src=\"https:\/\/claudiaknorpp.com\/wp-content\/uploads\/elementor\/thumbs\/le-malins-mini-bucket-bag-recyceltes-segel-1-rik2izmbt29tty7ehlb497zd5nfe01b37ab2bgixzc.jpg\" alt=\"le malins mini bucket bag recyceltes segel 1\" title=\"Produkte - Modell - Mini Bucket Bag - le malins - No31\"><\/figure><\/div><div class=\"swiper-slide\" role=\"group\" aria-roledescription=\"slide\" aria-label=\"2 von 8\"><figure class=\"swiper-slide-inner\"><img decoding=\"async\" class=\"swiper-slide-image\" src=\"https:\/\/claudiaknorpp.com\/wp-content\/uploads\/elementor\/thumbs\/le-malins-mini-bucket-bag-recyceltes-segel-2-rik2j0k5zwb45k61c3pqtpqtr1ar7qetjeyjsqhjt4.jpg\" alt=\"le malins mini bucket bag recyceltes segel 2\" title=\"Produkte - Modell - Mini Bucket Bag - le malins - No31\"><\/figure><\/div><div class=\"swiper-slide\" role=\"group\" aria-roledescription=\"slide\" aria-label=\"3 von 8\"><figure class=\"swiper-slide-inner\"><img decoding=\"async\" class=\"swiper-slide-image\" src=\"https:\/\/claudiaknorpp.com\/wp-content\/uploads\/elementor\/thumbs\/le-malins-mini-bucket-bag-recyceltes-segel-3-rik2j2fudkdoss3b14izyp9qxt1hn4ma7o9iraergo.jpg\" alt=\"le malins mini bucket bag recyceltes segel 3\" title=\"Produkte - Modell - Mini Bucket Bag - le malins - No31\"><\/figure><\/div><div class=\"swiper-slide\" role=\"group\" aria-roledescription=\"slide\" aria-label=\"4 von 8\"><figure class=\"swiper-slide-inner\"><img decoding=\"async\" class=\"swiper-slide-image\" src=\"https:\/\/claudiaknorpp.com\/wp-content\/uploads\/elementor\/thumbs\/le-malins-mini-bucket-bag-recyceltes-segel-4-rik2j3dokeez4e1xvmxmj717j6wuutq0jsx08kddag.jpg\" alt=\"le malins mini bucket bag recyceltes segel 4\" title=\"Produkte - Modell - Mini Bucket Bag - le malins - No31\"><\/figure><\/div><div class=\"swiper-slide\" role=\"group\" aria-roledescription=\"slide\" aria-label=\"5 von 8\"><figure class=\"swiper-slide-inner\"><img decoding=\"async\" class=\"swiper-slide-image\" src=\"https:\/\/claudiaknorpp.com\/wp-content\/uploads\/elementor\/thumbs\/le-malins-mini-bucket-bag-recyceltes-segel-6-rik2j59cy2hjrlz7knqvo6k4pynla7xh827z74aky0.jpg\" alt=\"le malins mini bucket bag recyceltes segel 6\" title=\"Produkte - Modell - Mini Bucket Bag - le malins - No31\"><\/figure><\/div><div class=\"swiper-slide\" role=\"group\" aria-roledescription=\"slide\" aria-label=\"6 von 8\"><figure class=\"swiper-slide-inner\"><img decoding=\"async\" class=\"swiper-slide-image\" src=\"https:\/\/claudiaknorpp.com\/wp-content\/uploads\/elementor\/thumbs\/le-malins-mini-bucket-bag-recyceltes-segel-5-rik2j4bir8g9g00kq5c93oso4ks82itqvxkhpubz48.jpg\" alt=\"le malins mini bucket bag recyceltes segel 5\" title=\"Produkte - Modell - Mini Bucket Bag - le malins - No31\"><\/figure><\/div><div class=\"swiper-slide\" role=\"group\" aria-roledescription=\"slide\" aria-label=\"7 von 8\"><figure class=\"swiper-slide-inner\"><img decoding=\"async\" class=\"swiper-slide-image\" src=\"https:\/\/claudiaknorpp.com\/wp-content\/uploads\/elementor\/thumbs\/le-malins-mini-bucket-bag-recyceltes-segel-7-rik2j6774wiu37xuf65i8oblbciyhx17k6vgoe96rs.jpg\" alt=\"le malins mini bucket bag recyceltes segel 7\" title=\"Produkte - Modell - Mini Bucket Bag - le malins - No31\"><\/figure><\/div><div class=\"swiper-slide\" role=\"group\" aria-roledescription=\"slide\" aria-label=\"8 von 8\"><figure class=\"swiper-slide-inner\"><img decoding=\"async\" class=\"swiper-slide-image\" src=\"https:\/\/claudiaknorpp.com\/wp-content\/uploads\/elementor\/thumbs\/le-malins-mini-bucket-bag-recyceltes-segel-8-rik2j751bqk4etwh9ok4t631wqebpm4xwbiy5o7slk.jpg\" alt=\"le malins mini bucket bag recyceltes segel 8\" title=\"Produkte - Modell - Mini Bucket Bag - le malins - No31\"><\/figure><\/div>\t\t\t<\/div>\n\t\t\t\t\t\t\t\t\t\t\t\t<div class=\"elementor-swiper-button elementor-swiper-button-prev\" role=\"button\" tabindex=\"0\">\n\t\t\t\t\t\t<svg aria-hidden=\"true\" class=\"e-font-icon-svg e-eicon-chevron-left\" viewbox=\"0 0 1000 1000\" xmlns=\"http:\/\/www.w3.org\/2000\/svg\"><path d=\"M646 125C629 125 613 133 604 142L308 442C296 454 292 471 292 487 292 504 296 521 308 533L604 854C617 867 629 875 646 875 663 875 679 871 692 858 704 846 713 829 713 812 713 796 708 779 692 767L438 487 692 225C700 217 708 204 708 187 708 171 704 154 692 142 675 129 663 125 646 125Z\"><\/path><\/svg>\t\t\t\t\t<\/div>\n\t\t\t\t\t<div class=\"elementor-swiper-button elementor-swiper-button-next\" role=\"button\" tabindex=\"0\">\n\t\t\t\t\t\t<svg aria-hidden=\"true\" class=\"e-font-icon-svg e-eicon-chevron-right\" viewbox=\"0 0 1000 1000\" xmlns=\"http:\/\/www.w3.org\/2000\/svg\"><path d=\"M696 533C708 521 713 504 713 487 713 471 708 454 696 446L400 146C388 133 375 125 354 125 338 125 325 129 313 142 300 154 292 171 292 187 292 204 296 221 308 233L563 492 304 771C292 783 288 800 288 817 288 833 296 850 308 863 321 871 338 875 354 875 371 875 388 867 400 854L696 533Z\"><\/path><\/svg>\t\t\t\t\t<\/div>\n\t\t\t\t\n\t\t\t\t\t\t\t\t\t<div class=\"swiper-pagination\"><\/div>\n\t\t\t\t\t\t\t\t\t<\/div>\n\t\t\t\t\t\t<\/div>\n\t\t\t\t<\/div>\n\t\t\t\t\t<\/div>\n\t\t\t\t<\/div>\n\t\t<div class=\"elementor-element elementor-element-604efed e-flex e-con-boxed e-con e-parent\" data-id=\"604efed\" data-element_type=\"container\" data-e-type=\"container\" data-settings=\"{&quot;background_background&quot;:&quot;classic&quot;}\">\n\t\t\t\t\t<div class=\"e-con-inner\">\n\t\t<div class=\"elementor-element elementor-element-3ac0d6b e-con-full e-flex e-con e-child\" data-id=\"3ac0d6b\" data-element_type=\"container\" data-e-type=\"container\">\n\t\t\t\t<div class=\"elementor-element elementor-element-0370eab elementor-widget elementor-widget-heading\" data-id=\"0370eab\" data-element_type=\"widget\" data-e-type=\"widget\" data-widget_type=\"heading.default\">\n\t\t\t\t\t<h4 class=\"elementor-heading-title elementor-size-default\">Caratteristiche<\/h4>\t\t\t\t<\/div>\n\t\t\t\t<div class=\"elementor-element elementor-element-34f8990 elementor-widget elementor-widget-text-editor\" data-id=\"34f8990\" data-element_type=\"widget\" data-e-type=\"widget\" data-widget_type=\"text-editor.default\">\n\t\t\t\t\t\t\t\t\t<ul><li>interno compatto ma capiente<\/li><li>Piccola tasca interna<\/li><li>Fodera interna impermeabile<\/li><li>Chiusura con coulisse e cima nautica<\/li><li>Tracolla in cima removibile con moschettoni<\/li><li>Vela riciclata<\/li><li>Inserto in vela tecnica con fibre di Kevlar e carbonio<\/li><li>Cuciture resistenti allo strappo e ai raggi UV<\/li><li>Lavabile a mano<\/li><\/ul>\t\t\t\t\t\t\t\t<\/div>\n\t\t\t\t<\/div>\n\t\t<div class=\"elementor-element elementor-element-1f1dd08 e-con-full e-flex e-con e-child\" data-id=\"1f1dd08\" data-element_type=\"container\" data-e-type=\"container\">\n\t\t\t\t<div class=\"elementor-element elementor-element-066f52a elementor-widget elementor-widget-heading\" data-id=\"066f52a\" data-element_type=\"widget\" data-e-type=\"widget\" data-widget_type=\"heading.default\">\n\t\t\t\t\t<h4 class=\"elementor-heading-title elementor-size-default\">Misure &amp; Materiali<\/h4>\t\t\t\t<\/div>\n\t\t\t\t<div class=\"elementor-element elementor-element-d91cae3 elementor-widget elementor-widget-text-editor\" data-id=\"d91cae3\" data-element_type=\"widget\" data-e-type=\"widget\" data-widget_type=\"text-editor.default\">\n\t\t\t\t\t\t\t\t\t<ul>\n<li>Dimensioni: ca. 18 \u00d7 14 \u00d7 19 cm (L + P + A)<\/li>\n<li>Peso: ca. 200 g<\/li>\n<li class=\"translation-block\">Materiale: vela riciclata bianca<\/li>\n<li class=\"translation-block\">Design: vela tecnica con fibre di Kevlar e carbonio<\/li>\n<li class=\"translation-block\">maniglia: nera<\/li>\n<li class=\"translation-block\">Cime: bianco, rosso o giallo<\/li>\n<\/ul>\t\t\t\t\t\t\t\t<\/div>\n\t\t\t\t<\/div>\n\t\t\t\t\t<\/div>\n\t\t\t\t<\/div>\n\t\t<div class=\"elementor-element elementor-element-cb6a574 e-flex e-con-boxed e-con e-parent\" data-id=\"cb6a574\" data-element_type=\"container\" data-e-type=\"container\" data-settings=\"{&quot;background_background&quot;:&quot;classic&quot;}\">\n\t\t\t\t\t<div class=\"e-con-inner\">\n\t\t\t\t<div class=\"elementor-element elementor-element-7c6a15f elementor-widget elementor-widget-heading\" data-id=\"7c6a15f\" data-element_type=\"widget\" data-e-type=\"widget\" data-widget_type=\"heading.default\">\n\t\t\t\t\t<h3 class=\"elementor-heading-title elementor-size-default\">Interesse &amp; richiesta<\/h3>\t\t\t\t<\/div>\n\t\t\t\t\t<\/div>\n\t\t\t\t<\/div>\n\t\t<div class=\"elementor-element elementor-element-4070486 e-flex e-con-boxed e-con e-parent\" data-id=\"4070486\" data-element_type=\"container\" data-e-type=\"container\" data-settings=\"{&quot;background_background&quot;:&quot;classic&quot;}\">\n\t\t\t\t\t<div class=\"e-con-inner\">\n\t\t\t\t<div class=\"elementor-element elementor-element-90e93f3 elementor-widget elementor-widget-text-editor\" data-id=\"90e93f3\" data-element_type=\"widget\" data-e-type=\"widget\" data-widget_type=\"text-editor.default\">\n\t\t\t\t\t\t\t\t\t<p>Ogni borsa \u00e8 un pezzo unico. Differenze di colore, struttura e materiale fanno parte volutamente del design e rendono ogni borsa in vele riciclate unica e autentica.<br data-start=\"2636\" data-end=\"2639\" \/>Per informazioni o interesse su questo modello, sar\u00f2 lieta di ricevere una tua richiesta personale.<\/p>\t\t\t\t\t\t\t\t<\/div>\n\t\t\t\t\t<\/div>\n\t\t\t\t<\/div>\n\t\t<div class=\"elementor-element elementor-element-74a9d4f e-flex e-con-boxed e-con e-parent\" data-id=\"74a9d4f\" data-element_type=\"container\" data-e-type=\"container\" data-settings=\"{&quot;background_background&quot;:&quot;classic&quot;}\">\n\t\t\t\t\t<div class=\"e-con-inner\">\n\t\t\t\t<div class=\"elementor-element elementor-element-1c17da3 elementor-widget elementor-widget-button\" data-id=\"1c17da3\" data-element_type=\"widget\" data-e-type=\"widget\" data-widget_type=\"button.default\">\n\t\t\t\t\t\t\t\t\t\t<a class=\"elementor-button elementor-button-link elementor-size-sm\" href=\"https:\/\/claudiaknorpp.com\/it\/products-3-2\/\">\n\t\t\t\t\t\t<span class=\"elementor-button-content-wrapper\">\n\t\t\t\t\t\t\t\t\t<span class=\"elementor-button-text\">\u2190 Torna alla categoria Bucket Bag<\/span>\n\t\t\t\t\t<\/span>\n\t\t\t\t\t<\/a>\n\t\t\t\t\t\t\t\t<\/div>\n\t\t\t\t\t<\/div>\n\t\t\t\t<\/div>\n\t\t\t\t<\/div>","protected":false},"excerpt":{"rendered":"<p>Mini Bucket Bag &#8211; le malins &#8211; No31 &#8222;le malins&#8220; &#8211; Kleine Ausgehtasche aus recycelten Segeln Beschreibung Die Mini Bucket Bag von le malins ist eine kleine\u00a0 kompakte Umh\u00e4ngetasche aus recycelten Segeln, entworfen f\u00fcr das Wesentliche.Sie eignet sich ideal zum Ausgehen oder f\u00fcr Situationen, in denen eine kleine, leichte Tasche gefragt ist. Handy, Geldbeutel und [&hellip;]<\/p>\n","protected":false},"author":1,"featured_media":0,"parent":0,"menu_order":0,"comment_status":"closed","ping_status":"closed","template":"","meta":{"site-sidebar-layout":"no-sidebar","site-content-layout":"page-builder","ast-site-content-layout":"full-width-container","site-content-style":"unboxed","site-sidebar-style":"unboxed","ast-global-header-display":"","ast-banner-title-visibility":"","ast-main-header-display":"","ast-hfb-above-header-display":"","ast-hfb-below-header-display":"","ast-hfb-mobile-header-display":"","site-post-title":"disabled","ast-breadcrumbs-content":"","ast-featured-img":"disabled","footer-sml-layout":"","ast-disable-related-posts":"","theme-transparent-header-meta":"enabled","adv-header-id-meta":"","stick-header-meta":"","header-above-stick-meta":"","header-main-stick-meta":"","header-below-stick-meta":"","astra-migrate-meta-layouts":"set","ast-page-background-enabled":"default","ast-page-background-meta":{"desktop":{"background-color":"","background-image":"","background-repeat":"repeat","background-position":"center center","background-size":"auto","background-attachment":"scroll","background-type":"","background-media":"","overlay-type":"","overlay-color":"","overlay-opacity":"","overlay-gradient":""},"tablet":{"background-color":"","background-image":"","background-repeat":"repeat","background-position":"center center","background-size":"auto","background-attachment":"scroll","background-type":"","background-media":"","overlay-type":"","overlay-color":"","overlay-opacity":"","overlay-gradient":""},"mobile":{"background-color":"","background-image":"","background-repeat":"repeat","background-position":"center center","background-size":"auto","background-attachment":"scroll","background-type":"","background-media":"","overlay-type":"","overlay-color":"","overlay-opacity":"","overlay-gradient":""}},"ast-content-background-meta":{"desktop":{"background-color":"var(--ast-global-color-5)","background-image":"","background-repeat":"repeat","background-position":"center center","background-size":"auto","background-attachment":"scroll","background-type":"","background-media":"","overlay-type":"","overlay-color":"","overlay-opacity":"","overlay-gradient":""},"tablet":{"background-color":"var(--ast-global-color-5)","background-image":"","background-repeat":"repeat","background-position":"center center","background-size":"auto","background-attachment":"scroll","background-type":"","background-media":"","overlay-type":"","overlay-color":"","overlay-opacity":"","overlay-gradient":""},"mobile":{"background-color":"var(--ast-global-color-5)","background-image":"","background-repeat":"repeat","background-position":"center center","background-size":"auto","background-attachment":"scroll","background-type":"","background-media":"","overlay-type":"","overlay-color":"","overlay-opacity":"","overlay-gradient":""}},"footnotes":""},"class_list":["post-5369","page","type-page","status-publish","hentry"],"_links":{"self":[{"href":"https:\/\/claudiaknorpp.com\/it\/wp-json\/wp\/v2\/pages\/5369","targetHints":{"allow":["GET"]}}],"collection":[{"href":"https:\/\/claudiaknorpp.com\/it\/wp-json\/wp\/v2\/pages"}],"about":[{"href":"https:\/\/claudiaknorpp.com\/it\/wp-json\/wp\/v2\/types\/page"}],"author":[{"embeddable":true,"href":"https:\/\/claudiaknorpp.com\/it\/wp-json\/wp\/v2\/users\/1"}],"replies":[{"embeddable":true,"href":"https:\/\/claudiaknorpp.com\/it\/wp-json\/wp\/v2\/comments?post=5369"}],"version-history":[{"count":19,"href":"https:\/\/claudiaknorpp.com\/it\/wp-json\/wp\/v2\/pages\/5369\/revisions"}],"predecessor-version":[{"id":5956,"href":"https:\/\/claudiaknorpp.com\/it\/wp-json\/wp\/v2\/pages\/5369\/revisions\/5956"}],"wp:attachment":[{"href":"https:\/\/claudiaknorpp.com\/it\/wp-json\/wp\/v2\/media?parent=5369"}],"curies":[{"name":"wp","href":"https:\/\/api.w.org\/{rel}","templated":true}]}}