{"id":4210,"date":"2026-01-11T17:41:00","date_gmt":"2026-01-11T16:41:00","guid":{"rendered":"https:\/\/claudiaknorpp.com\/?page_id=4210"},"modified":"2026-01-15T17:55:39","modified_gmt":"2026-01-15T16:55:39","slug":"contacts-2","status":"publish","type":"page","link":"https:\/\/claudiaknorpp.com\/it\/contacts-2\/","title":{"rendered":"Contatti"},"content":{"rendered":"<div data-elementor-type=\"wp-post\" data-elementor-id=\"4210\" class=\"elementor elementor-4210\">\n\t\t\t\t<div class=\"elementor-element elementor-element-72c4078 e-flex e-con-boxed e-con e-parent\" data-id=\"72c4078\" data-element_type=\"container\" data-e-type=\"container\" data-settings=\"{&quot;background_background&quot;:&quot;classic&quot;}\">\n\t\t\t\t\t<div class=\"e-con-inner\">\n\t\t<div class=\"elementor-element elementor-element-d8fbf0e e-con-full e-flex e-con e-child\" data-id=\"d8fbf0e\" data-element_type=\"container\" data-e-type=\"container\" data-settings=\"{&quot;background_background&quot;:&quot;classic&quot;}\">\n\t\t\t\t<div class=\"elementor-element elementor-element-1c155b6 elementor-widget elementor-widget-heading\" data-id=\"1c155b6\" data-element_type=\"widget\" data-e-type=\"widget\" data-widget_type=\"heading.default\">\n\t\t\t\t\t<h2 class=\"elementor-heading-title elementor-size-default\">Contatti<\/h2>\t\t\t\t<\/div>\n\t\t\t\t<div class=\"elementor-element elementor-element-d9b6f83 elementor-widget elementor-widget-text-editor\" data-id=\"d9b6f83\" data-element_type=\"widget\" data-e-type=\"widget\" data-widget_type=\"text-editor.default\">\n\t\t\t\t\t\t\t\t\t<p>\u201eParliamo del tuo progetto.\u201c<\/p>\t\t\t\t\t\t\t\t<\/div>\n\t\t\t\t<\/div>\n\t\t\t\t\t<\/div>\n\t\t\t\t<\/div>\n\t\t<div class=\"elementor-element elementor-element-3f2a750 e-flex e-con-boxed e-con e-parent\" data-id=\"3f2a750\" data-element_type=\"container\" data-e-type=\"container\">\n\t\t\t\t\t<div class=\"e-con-inner\">\n\t\t\t\t<div class=\"elementor-element elementor-element-4cdbf5d elementor-widget elementor-widget-text-editor\" data-id=\"4cdbf5d\" data-element_type=\"widget\" data-e-type=\"widget\" data-widget_type=\"text-editor.default\">\n\t\t\t\t\t\t\t\t\t<p>Se senti che il mio modo di progettare fa per te, sar\u00f2 felice di ricevere un tuo messaggio.<br \/>Che si tratti di un primo confronto, di domande concrete o dell\u2019accompagnamento di un progetto, troveremo insieme il contesto giusto per parlarne.<\/p><p>Lavoro in modo personale e su misura, dedicando il tempo necessario ad ascoltare e comprendere i tuoi desideri e le tue esigenze.<\/p>\t\t\t\t\t\t\t\t<\/div>\n\t\t\t\t\t<\/div>\n\t\t\t\t<\/div>\n\t\t<div class=\"elementor-element elementor-element-a84bbb7 e-flex e-con-boxed e-con e-parent\" data-id=\"a84bbb7\" data-element_type=\"container\" data-e-type=\"container\">\n\t\t\t\t\t<div class=\"e-con-inner\">\n\t\t\t\t<div class=\"elementor-element elementor-element-6ba510f elementor-widget elementor-widget-heading\" data-id=\"6ba510f\" data-element_type=\"widget\" data-e-type=\"widget\" data-widget_type=\"heading.default\">\n\t\t\t\t\t<h3 class=\"elementor-heading-title elementor-size-default\">Modalit\u00e0 di contatto<\/h3>\t\t\t\t<\/div>\n\t\t\t\t\t<\/div>\n\t\t\t\t<\/div>\n\t\t<div class=\"elementor-element elementor-element-ba4565d e-flex e-con-boxed e-con e-parent\" data-id=\"ba4565d\" data-element_type=\"container\" data-e-type=\"container\">\n\t\t\t\t\t<div class=\"e-con-inner\">\n\t\t\t\t<div class=\"elementor-element elementor-element-6c34219 elementor-widget elementor-widget-text-editor\" data-id=\"6c34219\" data-element_type=\"widget\" data-e-type=\"widget\" data-widget_type=\"text-editor.default\">\n\t\t\t\t\t\t\t\t\t<p><strong>Cellulare<br \/><\/strong>+49 151 56512322 \/ +39 347 3147813<\/p><p><strong>E-Mail<br \/><\/strong>claudiaknorpp@gmail.com<\/p><p><strong>WhatsApp<br \/><\/strong>+49 151 56512322 \/ +39 347 3147813<\/p><p>Rispondo alle richieste scritte in modo tempestivo e personale.<\/p>\t\t\t\t\t\t\t\t<\/div>\n\t\t\t\t\t<\/div>\n\t\t\t\t<\/div>\n\t\t<div class=\"elementor-element elementor-element-ee26779 e-flex e-con-boxed e-con e-parent\" data-id=\"ee26779\" data-element_type=\"container\" data-e-type=\"container\">\n\t\t\t\t\t<div class=\"e-con-inner\">\n\t\t\t\t<div class=\"elementor-element elementor-element-da5a34c elementor-widget elementor-widget-text-editor\" data-id=\"da5a34c\" data-element_type=\"widget\" data-e-type=\"widget\" data-widget_type=\"text-editor.default\">\n\t\t\t\t\t\t\t\t\t<p>Mi far\u00e0 piacere conoscere la tua storia.<\/p>\t\t\t\t\t\t\t\t<\/div>\n\t\t\t\t\t<\/div>\n\t\t\t\t<\/div>\n\t\t\t\t<\/div>","protected":false},"excerpt":{"rendered":"<p>Kontakt Lass uns \u00fcber Dein Projekt sprechen. Wenn Du das Gef\u00fchl hast, dass meine Art zu planen zu Dir passt, freue ich mich auf Deine Nachricht.Ob es um einen ersten Austausch, konkrete Fragen oder die Begleitung eines Projekts geht \u2013 wir finden gemeinsam den passenden Rahmen f\u00fcr ein Gespr\u00e4ch. Ich arbeite pers\u00f6nlich und individuell und [&hellip;]<\/p>\n","protected":false},"author":1,"featured_media":0,"parent":0,"menu_order":0,"comment_status":"closed","ping_status":"closed","template":"","meta":{"site-sidebar-layout":"no-sidebar","site-content-layout":"page-builder","ast-site-content-layout":"full-width-container","site-content-style":"unboxed","site-sidebar-style":"unboxed","ast-global-header-display":"","ast-banner-title-visibility":"","ast-main-header-display":"","ast-hfb-above-header-display":"","ast-hfb-below-header-display":"","ast-hfb-mobile-header-display":"","site-post-title":"disabled","ast-breadcrumbs-content":"","ast-featured-img":"disabled","footer-sml-layout":"","ast-disable-related-posts":"","theme-transparent-header-meta":"enabled","adv-header-id-meta":"","stick-header-meta":"","header-above-stick-meta":"","header-main-stick-meta":"","header-below-stick-meta":"","astra-migrate-meta-layouts":"set","ast-page-background-enabled":"default","ast-page-background-meta":{"desktop":{"background-color":"","background-image":"","background-repeat":"repeat","background-position":"center center","background-size":"auto","background-attachment":"scroll","background-type":"","background-media":"","overlay-type":"","overlay-color":"","overlay-opacity":"","overlay-gradient":""},"tablet":{"background-color":"","background-image":"","background-repeat":"repeat","background-position":"center center","background-size":"auto","background-attachment":"scroll","background-type":"","background-media":"","overlay-type":"","overlay-color":"","overlay-opacity":"","overlay-gradient":""},"mobile":{"background-color":"","background-image":"","background-repeat":"repeat","background-position":"center center","background-size":"auto","background-attachment":"scroll","background-type":"","background-media":"","overlay-type":"","overlay-color":"","overlay-opacity":"","overlay-gradient":""}},"ast-content-background-meta":{"desktop":{"background-color":"var(--ast-global-color-5)","background-image":"","background-repeat":"repeat","background-position":"center center","background-size":"auto","background-attachment":"scroll","background-type":"","background-media":"","overlay-type":"","overlay-color":"","overlay-opacity":"","overlay-gradient":""},"tablet":{"background-color":"var(--ast-global-color-5)","background-image":"","background-repeat":"repeat","background-position":"center center","background-size":"auto","background-attachment":"scroll","background-type":"","background-media":"","overlay-type":"","overlay-color":"","overlay-opacity":"","overlay-gradient":""},"mobile":{"background-color":"var(--ast-global-color-5)","background-image":"","background-repeat":"repeat","background-position":"center center","background-size":"auto","background-attachment":"scroll","background-type":"","background-media":"","overlay-type":"","overlay-color":"","overlay-opacity":"","overlay-gradient":""}},"footnotes":""},"class_list":["post-4210","page","type-page","status-publish","hentry"],"_links":{"self":[{"href":"https:\/\/claudiaknorpp.com\/it\/wp-json\/wp\/v2\/pages\/4210","targetHints":{"allow":["GET"]}}],"collection":[{"href":"https:\/\/claudiaknorpp.com\/it\/wp-json\/wp\/v2\/pages"}],"about":[{"href":"https:\/\/claudiaknorpp.com\/it\/wp-json\/wp\/v2\/types\/page"}],"author":[{"embeddable":true,"href":"https:\/\/claudiaknorpp.com\/it\/wp-json\/wp\/v2\/users\/1"}],"replies":[{"embeddable":true,"href":"https:\/\/claudiaknorpp.com\/it\/wp-json\/wp\/v2\/comments?post=4210"}],"version-history":[{"count":37,"href":"https:\/\/claudiaknorpp.com\/it\/wp-json\/wp\/v2\/pages\/4210\/revisions"}],"predecessor-version":[{"id":4994,"href":"https:\/\/claudiaknorpp.com\/it\/wp-json\/wp\/v2\/pages\/4210\/revisions\/4994"}],"wp:attachment":[{"href":"https:\/\/claudiaknorpp.com\/it\/wp-json\/wp\/v2\/media?parent=4210"}],"curies":[{"name":"wp","href":"https:\/\/api.w.org\/{rel}","templated":true}]}}