{"id":2623,"date":"2025-11-22T12:31:50","date_gmt":"2025-11-22T11:31:50","guid":{"rendered":"https:\/\/claudiaknorpp.com\/?page_id=2623"},"modified":"2026-02-05T15:50:44","modified_gmt":"2026-02-05T14:50:44","slug":"products","status":"publish","type":"page","link":"https:\/\/claudiaknorpp.com\/it\/products\/","title":{"rendered":"Prodotti"},"content":{"rendered":"<div data-elementor-type=\"wp-post\" data-elementor-id=\"2623\" class=\"elementor elementor-2623\">\n\t\t\t\t<div class=\"elementor-element elementor-element-bc160be e-flex e-con-boxed e-con e-parent\" data-id=\"bc160be\" data-element_type=\"container\" data-e-type=\"container\" data-settings=\"{&quot;background_background&quot;:&quot;classic&quot;}\">\n\t\t\t\t\t<div class=\"e-con-inner\">\n\t\t<div class=\"elementor-element elementor-element-57c1314 e-con-full e-flex e-con e-child\" data-id=\"57c1314\" data-element_type=\"container\" data-e-type=\"container\" data-settings=\"{&quot;background_background&quot;:&quot;classic&quot;}\">\n\t\t\t\t<div class=\"elementor-element elementor-element-980353d elementor-widget elementor-widget-menu-anchor\" data-id=\"980353d\" data-element_type=\"widget\" data-e-type=\"widget\" data-widget_type=\"menu-anchor.default\">\n\t\t\t\t\t\t\t<div class=\"elementor-menu-anchor\" id=\"alleProdukteansehen\"><\/div>\n\t\t\t\t\t\t<\/div>\n\t\t\t\t<div class=\"elementor-element elementor-element-d0292a7 elementor-widget__width-initial elementor-widget elementor-widget-heading\" data-id=\"d0292a7\" data-element_type=\"widget\" data-e-type=\"widget\" id=\"Produkte\" data-widget_type=\"heading.default\">\n\t\t\t\t\t<h3 class=\"elementor-heading-title elementor-size-default\"><a href=\"https:\/\/claudiaknorpp.com\/wp-admin\/post.php?post=770&#038;action=elementor\/alle-Projekte-ansehen\">le malins \u2013 borse artigianali in vele riciclate<\/a><\/h3>\t\t\t\t<\/div>\n\t\t\t\t<div class=\"elementor-element elementor-element-8495660 elementor-widget__width-initial elementor-widget elementor-widget-text-editor\" data-id=\"8495660\" data-element_type=\"widget\" data-e-type=\"widget\" data-widget_type=\"text-editor.default\">\n\t\t\t\t\t\t\t\t\t<p data-start=\"278\" data-end=\"400\">Ogni borsa \u00e8 un pezzo unico, realizzato con vele riutilizzate e caratterizzato dal materiale, dai segni del tempo e dalla sua storia marina.<\/p>\t\t\t\t\t\t\t\t<\/div>\n\t\t\t\t<\/div>\n\t\t\t\t\t<\/div>\n\t\t\t\t<\/div>\n\t\t<div class=\"elementor-element elementor-element-d0ab9fe e-flex e-con-boxed e-con e-parent\" data-id=\"d0ab9fe\" data-element_type=\"container\" data-e-type=\"container\" data-settings=\"{&quot;background_background&quot;:&quot;classic&quot;}\">\n\t\t\t\t\t<div class=\"e-con-inner\">\n\t\t\t\t<div class=\"elementor-element elementor-element-e65ddb4 elementor-widget elementor-widget-text-editor\" data-id=\"e65ddb4\" data-element_type=\"widget\" data-e-type=\"widget\" data-widget_type=\"text-editor.default\">\n\t\t\t\t\t\t\t\t\t<p data-start=\"2641\" data-end=\"2812\" class=\"translation-block\">le malins rappresenta borse artigianali fatte a mano con vele riciclate. Robuste, leggere e dal design senza tempo, accompagnano la vita quotidiana, i viaggi e i momenti speciali.<\/p><p data-start=\"2819\" data-end=\"3008\">Le vele sono materiali estremamente resistenti, ognuna con una storia propria. Grazie al loro riutilizzo nascono borse sostenibili in tessuto di vela, funzionali, durevoli e uniche nell\u2019espressione.<\/p>\t\t\t\t\t\t\t\t<\/div>\n\t\t\t\t\t<\/div>\n\t\t\t\t<\/div>\n\t\t<div class=\"elementor-element elementor-element-303d7a4 e-flex e-con-boxed e-con e-parent\" data-id=\"303d7a4\" data-element_type=\"container\" data-e-type=\"container\" data-settings=\"{&quot;background_background&quot;:&quot;classic&quot;}\">\n\t\t\t\t\t<div class=\"e-con-inner\">\n\t\t\t\t<div class=\"elementor-element elementor-element-22916cd elementor-widget elementor-widget-heading\" data-id=\"22916cd\" data-element_type=\"widget\" data-e-type=\"widget\" data-widget_type=\"heading.default\">\n\t\t\t\t\t<h3 class=\"elementor-heading-title elementor-size-default\">Collezioni di borse<\/h3>\t\t\t\t<\/div>\n\t\t\t\t\t<\/div>\n\t\t\t\t<\/div>\n\t\t<div class=\"elementor-element elementor-element-83b18f7 e-flex e-con-boxed e-con e-parent\" data-id=\"83b18f7\" data-element_type=\"container\" data-e-type=\"container\" data-settings=\"{&quot;background_background&quot;:&quot;classic&quot;}\">\n\t\t\t\t\t<div class=\"e-con-inner\">\n\t\t<div class=\"elementor-element elementor-element-4497873 e-con-full e-flex e-con e-child\" data-id=\"4497873\" data-element_type=\"container\" data-e-type=\"container\" data-settings=\"{&quot;background_background&quot;:&quot;classic&quot;}\">\n\t\t\t\t<div class=\"elementor-element elementor-element-8ceac00 elementor-widget__width-inherit elementor-position-top elementor-widget elementor-widget-image-box\" data-id=\"8ceac00\" data-element_type=\"widget\" data-e-type=\"widget\" data-widget_type=\"image-box.default\">\n\t\t\t\t\t<div class=\"elementor-image-box-wrapper\"><figure class=\"elementor-image-box-img\"><a href=\"https:\/\/claudiaknorpp.com\/it\/products-3-1\/\" tabindex=\"-1\"><img decoding=\"async\" src=\"https:\/\/claudiaknorpp.com\/wp-content\/uploads\/elementor\/thumbs\/le-malins-classic-shopper-recyceltes-segel-3-ridp0znzz87wnf7wrapkv3we6prmnvqum6tiwio9l4.jpg\" title=\"le malins classic shopper recyceltes segel 3\" alt=\"le malins classic shopper recyceltes segel 3\" loading=\"lazy\" \/><\/a><\/figure><div class=\"elementor-image-box-content\"><h5 class=\"elementor-image-box-title\"><a href=\"https:\/\/claudiaknorpp.com\/it\/products-3-1\/\">Shopper<\/a><\/h5><\/div><\/div>\t\t\t\t<\/div>\n\t\t\t\t<div class=\"elementor-element elementor-element-706fd18 elementor-widget__width-inherit elementor-position-top elementor-widget elementor-widget-image-box\" data-id=\"706fd18\" data-element_type=\"widget\" data-e-type=\"widget\" data-widget_type=\"image-box.default\">\n\t\t\t\t\t<div class=\"elementor-image-box-wrapper\"><figure class=\"elementor-image-box-img\"><a href=\"https:\/\/claudiaknorpp.com\/it\/products-3-4\/\" tabindex=\"-1\"><img decoding=\"async\" src=\"https:\/\/claudiaknorpp.com\/wp-content\/uploads\/elementor\/thumbs\/le-malins-backpack-recyceltes-segel-4-rikg9bwo3czlr65avruo2z5g1svr5gt461r1f9k7m0.jpg\" title=\"le malins backpack recyceltes segel 4\" alt=\"le malins backpack recyceltes segel 4\" loading=\"lazy\" \/><\/a><\/figure><div class=\"elementor-image-box-content\"><h5 class=\"elementor-image-box-title\"><a href=\"https:\/\/claudiaknorpp.com\/it\/products-3-4\/\">Backpack<\/a><\/h5><\/div><\/div>\t\t\t\t<\/div>\n\t\t\t\t<\/div>\n\t\t<div class=\"elementor-element elementor-element-9caa1ab e-con-full e-flex e-con e-child\" data-id=\"9caa1ab\" data-element_type=\"container\" data-e-type=\"container\" data-settings=\"{&quot;background_background&quot;:&quot;classic&quot;}\">\n\t\t\t\t<div class=\"elementor-element elementor-element-e4d6f00 elementor-position-top elementor-widget elementor-widget-image-box\" data-id=\"e4d6f00\" data-element_type=\"widget\" data-e-type=\"widget\" data-widget_type=\"image-box.default\">\n\t\t\t\t\t<div class=\"elementor-image-box-wrapper\"><figure class=\"elementor-image-box-img\"><a href=\"https:\/\/claudiaknorpp.com\/it\/products-3-2\/\" tabindex=\"-1\"><img decoding=\"async\" src=\"https:\/\/claudiaknorpp.com\/wp-content\/uploads\/elementor\/thumbs\/le-malins-bucket-bag-recyceltes-segel-1-rik39q527evg2ndad5d36h3dg7n8y3g87mc9qsvszs.jpg\" title=\"le malins bucket bag recyceltes segel 1\" alt=\"le malins bucket bag recyceltes segel 1\" loading=\"lazy\" \/><\/a><\/figure><div class=\"elementor-image-box-content\"><h5 class=\"elementor-image-box-title\"><a href=\"https:\/\/claudiaknorpp.com\/it\/products-3-2\/\">Bucket Bag<\/a><\/h5><\/div><\/div>\t\t\t\t<\/div>\n\t\t\t\t<div class=\"elementor-element elementor-element-70b49a3 elementor-position-top elementor-widget elementor-widget-image-box\" data-id=\"70b49a3\" data-element_type=\"widget\" data-e-type=\"widget\" data-widget_type=\"image-box.default\">\n\t\t\t\t\t<div class=\"elementor-image-box-wrapper\"><figure class=\"elementor-image-box-img\"><a href=\"https:\/\/claudiaknorpp.com\/it\/products-3-6\/\" tabindex=\"-1\"><img decoding=\"async\" src=\"https:\/\/claudiaknorpp.com\/wp-content\/uploads\/elementor\/thumbs\/le-malins-four-bottle-bag-recyceltes-segel-1-rikf73sy5wntm1o6390uomemdpae4l22wuo6u68knc.jpg\" title=\"le malins four bottle bag recyceltes segel 1\" alt=\"le malins four bottle bag recyceltes segel 1\" loading=\"lazy\" \/><\/a><\/figure><div class=\"elementor-image-box-content\"><h5 class=\"elementor-image-box-title\"><a href=\"https:\/\/claudiaknorpp.com\/it\/products-3-6\/\">Bottle Bag<\/a><\/h5><\/div><\/div>\t\t\t\t<\/div>\n\t\t\t\t<\/div>\n\t\t<div class=\"elementor-element elementor-element-852eb4b e-con-full e-flex e-con e-child\" data-id=\"852eb4b\" data-element_type=\"container\" data-e-type=\"container\" data-settings=\"{&quot;background_background&quot;:&quot;classic&quot;}\">\n\t\t\t\t<div class=\"elementor-element elementor-element-4fc7815 elementor-position-top elementor-widget elementor-widget-image-box\" data-id=\"4fc7815\" data-element_type=\"widget\" data-e-type=\"widget\" data-widget_type=\"image-box.default\">\n\t\t\t\t\t<div class=\"elementor-image-box-wrapper\"><figure class=\"elementor-image-box-img\"><a href=\"https:\/\/claudiaknorpp.com\/it\/products-3-3\/\" tabindex=\"-1\"><img decoding=\"async\" src=\"https:\/\/claudiaknorpp.com\/wp-content\/uploads\/elementor\/thumbs\/le-malins-maxi-flat-bag-recyceltes-segel-4-rik6dzz2j0ketwaarogv055ft29kcl60zbk5cmexs8.jpg\" title=\"le malins maxi flat bag recyceltes segel 4\" alt=\"le malins maxi flat bag recyceltes segel 4\" loading=\"lazy\" \/><\/a><\/figure><div class=\"elementor-image-box-content\"><h5 class=\"elementor-image-box-title\"><a href=\"https:\/\/claudiaknorpp.com\/it\/products-3-3\/\">Flat Bag<\/a><\/h5><\/div><\/div>\t\t\t\t<\/div>\n\t\t\t\t<div class=\"elementor-element elementor-element-2ffc547 elementor-position-top elementor-widget elementor-widget-image-box\" data-id=\"2ffc547\" data-element_type=\"widget\" data-e-type=\"widget\" data-widget_type=\"image-box.default\">\n\t\t\t\t\t<div class=\"elementor-image-box-wrapper\"><figure class=\"elementor-image-box-img\"><a href=\"https:\/\/claudiaknorpp.com\/it\/products-3-5\/\" tabindex=\"-1\"><img decoding=\"async\" src=\"https:\/\/claudiaknorpp.com\/wp-content\/uploads\/elementor\/thumbs\/le-malins-knot-bag-recyceltes-segel-3-rikh5rc7vldqav1jishb3sjxud1mpjjqmk03gxh8y0.jpg\" title=\"le malins knot bag recyceltes segel 3\" alt=\"le malins knot bag recyceltes segel 3\" loading=\"lazy\" \/><\/a><\/figure><div class=\"elementor-image-box-content\"><h5 class=\"elementor-image-box-title\"><a href=\"https:\/\/claudiaknorpp.com\/it\/products-3-5\/\">Others<\/a><\/h5><\/div><\/div>\t\t\t\t<\/div>\n\t\t\t\t<\/div>\n\t\t\t\t\t<\/div>\n\t\t\t\t<\/div>\n\t\t<div class=\"elementor-element elementor-element-231236d e-flex e-con-boxed e-con e-parent\" data-id=\"231236d\" data-element_type=\"container\" data-e-type=\"container\" data-settings=\"{&quot;background_background&quot;:&quot;classic&quot;}\">\n\t\t\t\t\t<div class=\"e-con-inner\">\n\t\t\t\t<div class=\"elementor-element elementor-element-e517e06 elementor-widget elementor-widget-text-editor\" data-id=\"e517e06\" data-element_type=\"widget\" data-e-type=\"widget\" data-widget_type=\"text-editor.default\">\n\t\t\t\t\t\t\t\t\t<p class=\"translation-block\">Ogni borsa \u00e8 un esemplare unico. Differenze di colore, struttura e materiale fanno parte consapevole del design e rendono ogni borsa le malins un oggetto irripetibile realizzato con vele riciclate.<\/p>\t\t\t\t\t\t\t\t<\/div>\n\t\t\t\t\t<\/div>\n\t\t\t\t<\/div>\n\t\t<div class=\"elementor-element elementor-element-cb6a574 e-flex e-con-boxed e-con e-parent\" data-id=\"cb6a574\" data-element_type=\"container\" data-e-type=\"container\" data-settings=\"{&quot;background_background&quot;:&quot;classic&quot;}\">\n\t\t\t\t\t<div class=\"e-con-inner\">\n\t\t\t\t<div class=\"elementor-element elementor-element-7c6a15f elementor-widget elementor-widget-heading\" data-id=\"7c6a15f\" data-element_type=\"widget\" data-e-type=\"widget\" data-widget_type=\"heading.default\">\n\t\t\t\t\t<h3 class=\"elementor-heading-title elementor-size-default\">Interessato a una borsa?<\/h3>\t\t\t\t<\/div>\n\t\t\t\t\t<\/div>\n\t\t\t\t<\/div>\n\t\t<div class=\"elementor-element elementor-element-4070486 e-flex e-con-boxed e-con e-parent\" data-id=\"4070486\" data-element_type=\"container\" data-e-type=\"container\" data-settings=\"{&quot;background_background&quot;:&quot;classic&quot;}\">\n\t\t\t\t\t<div class=\"e-con-inner\">\n\t\t\t\t<div class=\"elementor-element elementor-element-90e93f3 elementor-widget elementor-widget-text-editor\" data-id=\"90e93f3\" data-element_type=\"widget\" data-e-type=\"widget\" data-widget_type=\"text-editor.default\">\n\t\t\t\t\t\t\t\t\t<p>Per informazioni su una borsa o su un modello specifico, sar\u00f2 felice di ricevere una richiesta personale e di entrare in contatto diretto.<\/p>\t\t\t\t\t\t\t\t<\/div>\n\t\t\t\t\t<\/div>\n\t\t\t\t<\/div>\n\t\t<div class=\"elementor-element elementor-element-fc16349 e-flex e-con-boxed e-con e-parent\" data-id=\"fc16349\" data-element_type=\"container\" data-e-type=\"container\" data-settings=\"{&quot;background_background&quot;:&quot;classic&quot;}\">\n\t\t\t\t\t<div class=\"e-con-inner\">\n\t\t\t\t<div class=\"elementor-element elementor-element-89fc381 elementor-widget elementor-widget-heading\" data-id=\"89fc381\" data-element_type=\"widget\" data-e-type=\"widget\" data-widget_type=\"heading.default\">\n\t\t\t\t\t<h3 class=\"elementor-heading-title elementor-size-default\">Artigianato &amp; sostenibilit\u00e0<\/h3>\t\t\t\t<\/div>\n\t\t\t\t\t<\/div>\n\t\t\t\t<\/div>\n\t\t<div class=\"elementor-element elementor-element-6d6a2e8 e-flex e-con-boxed e-con e-parent\" data-id=\"6d6a2e8\" data-element_type=\"container\" data-e-type=\"container\" data-settings=\"{&quot;background_background&quot;:&quot;classic&quot;}\">\n\t\t\t\t\t<div class=\"e-con-inner\">\n\t\t\t\t<div class=\"elementor-element elementor-element-927efeb elementor-widget elementor-widget-text-editor\" data-id=\"927efeb\" data-element_type=\"widget\" data-e-type=\"widget\" data-widget_type=\"text-editor.default\">\n\t\t\t\t\t\t\t\t\t<p class=\"translation-block\">Ogni borsa le malins viene realizzata a mano con grande cura utilizzando vele riciclate provenienti dal mondo nautico. Sostenibilit\u00e0, autenticit\u00e0 dei materiali e funzionalit\u00e0 sono al centro di ogni fase di produzione \u2013 dalla selezione delle vele fino all\u2019ultima cucitura, per creare borse durevoli, leggere e adatte alla vita quotidiana.<\/p>\t\t\t\t\t\t\t\t<\/div>\n\t\t\t\t\t<\/div>\n\t\t\t\t<\/div>\n\t\t\t\t<\/div>","protected":false},"excerpt":{"rendered":"<p>le malins \u2013 handgefertigte Taschen aus recycelten Segeln Jede Tasche ist ein Unikat \u2013 gefertigt aus wiederverwendeten Segeln, gepr\u00e4gt von Material, Gebrauchsspuren und maritimer Geschichte. le malins steht f\u00fcr handgefertigte Taschen aus recycelten Segeln. Robust, leicht und zeitlos im Design begleiten sie den Alltag ebenso wie Reisen oder besondere Momente. Segel sind widerstandsf\u00e4hige Materialien mit [&hellip;]<\/p>\n","protected":false},"author":1,"featured_media":0,"parent":0,"menu_order":0,"comment_status":"closed","ping_status":"closed","template":"","meta":{"site-sidebar-layout":"no-sidebar","site-content-layout":"page-builder","ast-site-content-layout":"full-width-container","site-content-style":"unboxed","site-sidebar-style":"unboxed","ast-global-header-display":"","ast-banner-title-visibility":"","ast-main-header-display":"","ast-hfb-above-header-display":"","ast-hfb-below-header-display":"","ast-hfb-mobile-header-display":"","site-post-title":"disabled","ast-breadcrumbs-content":"","ast-featured-img":"disabled","footer-sml-layout":"","ast-disable-related-posts":"","theme-transparent-header-meta":"enabled","adv-header-id-meta":"","stick-header-meta":"","header-above-stick-meta":"","header-main-stick-meta":"","header-below-stick-meta":"","astra-migrate-meta-layouts":"set","ast-page-background-enabled":"default","ast-page-background-meta":{"desktop":{"background-color":"","background-image":"","background-repeat":"repeat","background-position":"center center","background-size":"auto","background-attachment":"scroll","background-type":"","background-media":"","overlay-type":"","overlay-color":"","overlay-opacity":"","overlay-gradient":""},"tablet":{"background-color":"","background-image":"","background-repeat":"repeat","background-position":"center center","background-size":"auto","background-attachment":"scroll","background-type":"","background-media":"","overlay-type":"","overlay-color":"","overlay-opacity":"","overlay-gradient":""},"mobile":{"background-color":"","background-image":"","background-repeat":"repeat","background-position":"center center","background-size":"auto","background-attachment":"scroll","background-type":"","background-media":"","overlay-type":"","overlay-color":"","overlay-opacity":"","overlay-gradient":""}},"ast-content-background-meta":{"desktop":{"background-color":"var(--ast-global-color-5)","background-image":"","background-repeat":"repeat","background-position":"center center","background-size":"auto","background-attachment":"scroll","background-type":"","background-media":"","overlay-type":"","overlay-color":"","overlay-opacity":"","overlay-gradient":""},"tablet":{"background-color":"var(--ast-global-color-5)","background-image":"","background-repeat":"repeat","background-position":"center center","background-size":"auto","background-attachment":"scroll","background-type":"","background-media":"","overlay-type":"","overlay-color":"","overlay-opacity":"","overlay-gradient":""},"mobile":{"background-color":"var(--ast-global-color-5)","background-image":"","background-repeat":"repeat","background-position":"center center","background-size":"auto","background-attachment":"scroll","background-type":"","background-media":"","overlay-type":"","overlay-color":"","overlay-opacity":"","overlay-gradient":""}},"footnotes":""},"class_list":["post-2623","page","type-page","status-publish","hentry"],"_links":{"self":[{"href":"https:\/\/claudiaknorpp.com\/it\/wp-json\/wp\/v2\/pages\/2623","targetHints":{"allow":["GET"]}}],"collection":[{"href":"https:\/\/claudiaknorpp.com\/it\/wp-json\/wp\/v2\/pages"}],"about":[{"href":"https:\/\/claudiaknorpp.com\/it\/wp-json\/wp\/v2\/types\/page"}],"author":[{"embeddable":true,"href":"https:\/\/claudiaknorpp.com\/it\/wp-json\/wp\/v2\/users\/1"}],"replies":[{"embeddable":true,"href":"https:\/\/claudiaknorpp.com\/it\/wp-json\/wp\/v2\/comments?post=2623"}],"version-history":[{"count":199,"href":"https:\/\/claudiaknorpp.com\/it\/wp-json\/wp\/v2\/pages\/2623\/revisions"}],"predecessor-version":[{"id":5994,"href":"https:\/\/claudiaknorpp.com\/it\/wp-json\/wp\/v2\/pages\/2623\/revisions\/5994"}],"wp:attachment":[{"href":"https:\/\/claudiaknorpp.com\/it\/wp-json\/wp\/v2\/media?parent=2623"}],"curies":[{"name":"wp","href":"https:\/\/api.w.org\/{rel}","templated":true}]}}