{"id":2465,"date":"2025-11-21T16:57:54","date_gmt":"2025-11-21T15:57:54","guid":{"rendered":"https:\/\/claudiaknorpp.com\/?page_id=2465"},"modified":"2026-01-15T17:43:52","modified_gmt":"2026-01-15T16:43:52","slug":"projects-2-1","status":"publish","type":"page","link":"https:\/\/claudiaknorpp.com\/it\/projects-2-1\/","title":{"rendered":"Projekte &#8211; Podere Roccatederighi, Toskana, Italien"},"content":{"rendered":"<div data-elementor-type=\"wp-post\" data-elementor-id=\"2465\" class=\"elementor elementor-2465\">\n\t\t\t\t<div class=\"elementor-element elementor-element-bc160be e-flex e-con-boxed e-con e-parent\" data-id=\"bc160be\" data-element_type=\"container\" data-e-type=\"container\" data-settings=\"{&quot;background_background&quot;:&quot;classic&quot;}\">\n\t\t\t\t\t<div class=\"e-con-inner\">\n\t\t<div class=\"elementor-element elementor-element-57c1314 e-con-full e-flex e-con e-child\" data-id=\"57c1314\" data-element_type=\"container\" data-e-type=\"container\">\n\t\t\t\t<div class=\"elementor-element elementor-element-980353d elementor-widget elementor-widget-menu-anchor\" data-id=\"980353d\" data-element_type=\"widget\" data-e-type=\"widget\" data-widget_type=\"menu-anchor.default\">\n\t\t\t\t\t\t\t<div class=\"elementor-menu-anchor\" id=\"alleProjekteansehen\"><\/div>\n\t\t\t\t\t\t<\/div>\n\t\t\t\t<div class=\"elementor-element elementor-element-d0292a7 elementor-widget elementor-widget-heading\" data-id=\"d0292a7\" data-element_type=\"widget\" data-e-type=\"widget\" id=\"Projekte\" data-widget_type=\"heading.default\">\n\t\t\t\t\t<h1 class=\"elementor-heading-title elementor-size-default\"><a href=\"https:\/\/claudiaknorpp.com\/wp-admin\/post.php?post=770&#038;action=elementor\/alle-Projekte-ansehen\">Podere Rocca<\/a><\/h1>\t\t\t\t<\/div>\n\t\t\t\t<div class=\"elementor-element elementor-element-8495660 elementor-widget elementor-widget-text-editor\" data-id=\"8495660\" data-element_type=\"widget\" data-e-type=\"widget\" data-widget_type=\"text-editor.default\">\n\t\t\t\t\t\t\t\t\t<p>Casa privata, Roccatederighi (GR), Italia<\/p>\t\t\t\t\t\t\t\t<\/div>\n\t\t\t\t<\/div>\n\t\t\t\t\t<\/div>\n\t\t\t\t<\/div>\n\t\t<div class=\"elementor-element elementor-element-7212260 e-flex e-con-boxed e-con e-parent\" data-id=\"7212260\" data-element_type=\"container\" data-e-type=\"container\" data-settings=\"{&quot;background_background&quot;:&quot;gradient&quot;}\">\n\t\t\t\t\t<div class=\"e-con-inner\">\n\t\t<div class=\"elementor-element elementor-element-4a43b1e e-flex e-con-boxed e-con e-child\" data-id=\"4a43b1e\" data-element_type=\"container\" data-e-type=\"container\">\n\t\t\t\t\t<div class=\"e-con-inner\">\n\t\t\t\t<div class=\"elementor-element elementor-element-c7c008a elementor-widget elementor-widget-menu-anchor\" data-id=\"c7c008a\" data-element_type=\"widget\" data-e-type=\"widget\" data-widget_type=\"menu-anchor.default\">\n\t\t\t\t\t\t\t<div class=\"elementor-menu-anchor\" id=\"ProjektePodereRoccatederighi\"><\/div>\n\t\t\t\t\t\t<\/div>\n\t\t\t\t<div class=\"elementor-element elementor-element-1c16e7c elementor-widget elementor-widget-text-editor\" data-id=\"1c16e7c\" data-element_type=\"widget\" data-e-type=\"widget\" data-widget_type=\"text-editor.default\">\n\t\t\t\t\t\t\t\t\t<p><em>(Work in progress)<\/em><\/p><p><strong>La situazione iniziale<br \/><\/strong>L\u2019abitazione esistente era caratterizzata da uno stile rustico, con scarsa luminosit\u00e0 al piano terra e una distribuzione degli spazi limitata. L\u2019edificio disponeva di un solo bagno, di una scala in muratura che conduceva al piano superiore e di un tradizionale pavimento in cotto<\/p><p><strong>L\u2019incarico<br \/><\/strong>\u00c8 stata richiesta una riorganizzazione completa della casa: lo spostamento della scala, la realizzazione di due bagni, nuove aperture finestrate e la progettazione di una nuova cucina. A completamento, \u00e8 stato sviluppato un progetto illuminotecnico ed elettrico accuratamente studiato.<\/p><p><strong>La realizzazione<br \/><\/strong>\u00c8 stato realizzato un edificio residenziale aperto e luminoso, caratterizzato da una chiara coerenza materica.\nLa nuova copertura semi-ventilata con pannelli fotovoltaici, le nuove aperture finestrate e la scala in acciaio Corten modificano in modo sostanziale la percezione degli spazi.<br \/>Un pavimento in resina, una palette cromatica accuratamente calibrata, due nuovi bagni e una cucina realizzata in legno di castagno recuperato con piano in pietra coniugano funzionalit\u00e0 e carattere. Due camini aperti completano il concept spaziale.<\/p>\t\t\t\t\t\t\t\t<\/div>\n\t\t\t\t\t<\/div>\n\t\t\t\t<\/div>\n\t\t<div class=\"elementor-element elementor-element-726410f e-con-full e-flex e-con e-child\" data-id=\"726410f\" data-element_type=\"container\" data-e-type=\"container\">\n\t\t<div class=\"elementor-element elementor-element-0bc82f5 e-con-full e-flex e-con e-child\" data-id=\"0bc82f5\" data-element_type=\"container\" data-e-type=\"container\">\n\t\t\t\t<div class=\"elementor-element elementor-element-4de43b3 elementor-widget elementor-widget-heading\" data-id=\"4de43b3\" data-element_type=\"widget\" data-e-type=\"widget\" data-widget_type=\"heading.default\">\n\t\t\t\t\t<h3 class=\"elementor-heading-title elementor-size-default\">Prima<\/h3>\t\t\t\t<\/div>\n\t\t\t\t<div class=\"elementor-element elementor-element-7c2783b elementor-widget-tablet__width-initial elementor-arrows-position-inside elementor-pagination-position-outside elementor-widget elementor-widget-image-carousel\" data-id=\"7c2783b\" data-element_type=\"widget\" data-e-type=\"widget\" data-settings=\"{&quot;slides_to_show&quot;:&quot;1&quot;,&quot;slides_to_show_tablet&quot;:&quot;1&quot;,&quot;slides_to_show_mobile&quot;:&quot;1&quot;,&quot;autoplay&quot;:&quot;no&quot;,&quot;navigation&quot;:&quot;both&quot;,&quot;infinite&quot;:&quot;yes&quot;,&quot;effect&quot;:&quot;slide&quot;,&quot;speed&quot;:500}\" data-widget_type=\"image-carousel.default\">\n\t\t\t\t\t\t\t<div class=\"elementor-image-carousel-wrapper swiper\" role=\"region\" aria-roledescription=\"carousel\" aria-label=\"Bild Karussell\" dir=\"ltr\">\n\t\t\t<div class=\"elementor-image-carousel swiper-wrapper\" aria-live=\"polite\">\n\t\t\t\t\t\t\t\t<div class=\"swiper-slide\" role=\"group\" aria-roledescription=\"slide\" aria-label=\"1 von 5\"><figure class=\"swiper-slide-inner\"><img decoding=\"async\" class=\"swiper-slide-image\" src=\"https:\/\/claudiaknorpp.com\/wp-content\/uploads\/elementor\/thumbs\/1-vorher-quadratischTreppenaufgangRocca-rhn3awaim6b3v8koly9jpj9lqjwi9g3qbgwnp7oqrs.jpg\" alt=\"1 vorher ,quadratisch,treppenaufgang,rocca\" title=\"Projekte - Podere Roccatederighi, Toskana, Italien\"><\/figure><\/div><div class=\"swiper-slide\" role=\"group\" aria-roledescription=\"slide\" aria-label=\"2 von 5\"><figure class=\"swiper-slide-inner\"><img decoding=\"async\" class=\"swiper-slide-image\" src=\"https:\/\/claudiaknorpp.com\/wp-content\/uploads\/elementor\/thumbs\/2-Lager-cantina-EG-1-rhn3ax8ct0ce6ujbggo6a112bxrvh57gnlk56hnclk.jpg\" alt=\"2 lager cantina, eg\" title=\"Projekte - Podere Roccatederighi, Toskana, Italien\"><\/figure><\/div><div class=\"swiper-slide\" role=\"group\" aria-roledescription=\"slide\" aria-label=\"3 von 5\"><figure class=\"swiper-slide-inner\"><img decoding=\"async\" class=\"swiper-slide-image\" src=\"https:\/\/claudiaknorpp.com\/wp-content\/uploads\/elementor\/thumbs\/3-Einzelzimmer-camera-singola-EG-1-rhn3ay66zudoighyaz2suisixbn8oub6zq7mnrlyfc.jpg\" alt=\"3 einzelzimmer camera singola, eg\" title=\"Projekte - Podere Roccatederighi, Toskana, Italien\"><\/figure><\/div><div class=\"swiper-slide\" role=\"group\" aria-roledescription=\"slide\" aria-label=\"4 von 5\"><figure class=\"swiper-slide-inner\"><img decoding=\"async\" class=\"swiper-slide-image\" src=\"https:\/\/claudiaknorpp.com\/wp-content\/uploads\/elementor\/thumbs\/4-Foto-Wohnzimmer-1-rhn3az416oeyu2gl5hhff0jzipilwjexbuv451kk94.jpg\" alt=\"4 foto wohnzimmer\" title=\"Projekte - Podere Roccatederighi, Toskana, Italien\"><\/figure><\/div><div class=\"swiper-slide\" role=\"group\" aria-roledescription=\"slide\" aria-label=\"5 von 5\"><figure class=\"swiper-slide-inner\"><img decoding=\"async\" class=\"swiper-slide-image\" src=\"https:\/\/claudiaknorpp.com\/wp-content\/uploads\/elementor\/thumbs\/5-Schlafzimmer-OG-rhn3b01vdig95of7zzw1zibg43dz48innzilmbj62w.jpg\" alt=\"5 schlafzimmer og\" title=\"Projekte - Podere Roccatederighi, Toskana, Italien\"><\/figure><\/div>\t\t\t<\/div>\n\t\t\t\t\t\t\t\t\t\t\t\t<div class=\"elementor-swiper-button elementor-swiper-button-prev\" role=\"button\" tabindex=\"0\">\n\t\t\t\t\t\t<svg aria-hidden=\"true\" class=\"e-font-icon-svg e-eicon-chevron-left\" viewbox=\"0 0 1000 1000\" xmlns=\"http:\/\/www.w3.org\/2000\/svg\"><path d=\"M646 125C629 125 613 133 604 142L308 442C296 454 292 471 292 487 292 504 296 521 308 533L604 854C617 867 629 875 646 875 663 875 679 871 692 858 704 846 713 829 713 812 713 796 708 779 692 767L438 487 692 225C700 217 708 204 708 187 708 171 704 154 692 142 675 129 663 125 646 125Z\"><\/path><\/svg>\t\t\t\t\t<\/div>\n\t\t\t\t\t<div class=\"elementor-swiper-button elementor-swiper-button-next\" role=\"button\" tabindex=\"0\">\n\t\t\t\t\t\t<svg aria-hidden=\"true\" class=\"e-font-icon-svg e-eicon-chevron-right\" viewbox=\"0 0 1000 1000\" xmlns=\"http:\/\/www.w3.org\/2000\/svg\"><path d=\"M696 533C708 521 713 504 713 487 713 471 708 454 696 446L400 146C388 133 375 125 354 125 338 125 325 129 313 142 300 154 292 171 292 187 292 204 296 221 308 233L563 492 304 771C292 783 288 800 288 817 288 833 296 850 308 863 321 871 338 875 354 875 371 875 388 867 400 854L696 533Z\"><\/path><\/svg>\t\t\t\t\t<\/div>\n\t\t\t\t\n\t\t\t\t\t\t\t\t\t<div class=\"swiper-pagination\"><\/div>\n\t\t\t\t\t\t\t\t\t<\/div>\n\t\t\t\t\t\t<\/div>\n\t\t\t\t<\/div>\n\t\t<div class=\"elementor-element elementor-element-8d267c2 e-con-full e-flex e-con e-child\" data-id=\"8d267c2\" data-element_type=\"container\" data-e-type=\"container\">\n\t\t\t\t<div class=\"elementor-element elementor-element-2b5a0fc elementor-widget elementor-widget-heading\" data-id=\"2b5a0fc\" data-element_type=\"widget\" data-e-type=\"widget\" data-widget_type=\"heading.default\">\n\t\t\t\t\t<h3 class=\"elementor-heading-title elementor-size-default\">Dopo<\/h3>\t\t\t\t<\/div>\n\t\t\t\t<div class=\"elementor-element elementor-element-7d8a461 elementor-widget-tablet__width-initial elementor-arrows-position-inside elementor-pagination-position-outside elementor-widget elementor-widget-image-carousel\" data-id=\"7d8a461\" data-element_type=\"widget\" data-e-type=\"widget\" data-settings=\"{&quot;slides_to_show&quot;:&quot;1&quot;,&quot;slides_to_show_tablet&quot;:&quot;1&quot;,&quot;slides_to_show_mobile&quot;:&quot;1&quot;,&quot;autoplay&quot;:&quot;no&quot;,&quot;navigation&quot;:&quot;both&quot;,&quot;infinite&quot;:&quot;yes&quot;,&quot;effect&quot;:&quot;slide&quot;,&quot;speed&quot;:500}\" data-widget_type=\"image-carousel.default\">\n\t\t\t\t\t\t\t<div class=\"elementor-image-carousel-wrapper swiper\" role=\"region\" aria-roledescription=\"carousel\" aria-label=\"Bild Karussell\" dir=\"ltr\">\n\t\t\t<div class=\"elementor-image-carousel swiper-wrapper\" aria-live=\"polite\">\n\t\t\t\t\t\t\t\t<div class=\"swiper-slide\" role=\"group\" aria-roledescription=\"slide\" aria-label=\"1 von 8\"><figure class=\"swiper-slide-inner\"><img decoding=\"async\" class=\"swiper-slide-image\" src=\"https:\/\/claudiaknorpp.com\/wp-content\/uploads\/elementor\/thumbs\/1-Kueche-EG-2-rhn3r4y4p4jggozfryzhsfqb87ut96krvuoo7blv9k.jpg\" alt=\"1 kueche eg\" title=\"Projekte - Podere Roccatederighi, Toskana, Italien\"><\/figure><\/div><div class=\"swiper-slide\" role=\"group\" aria-roledescription=\"slide\" aria-label=\"2 von 8\"><figure class=\"swiper-slide-inner\"><img decoding=\"async\" class=\"swiper-slide-image\" src=\"https:\/\/claudiaknorpp.com\/wp-content\/uploads\/elementor\/thumbs\/2-Bad-EG-Waschbecken-2-rhn3r5vyvykqsay2mhe4cxhrtlq6gvoi7zc5olkh3c.jpg\" alt=\"2 bad eg waschbecken\" title=\"Projekte - Podere Roccatederighi, Toskana, Italien\"><\/figure><\/div><div class=\"swiper-slide\" role=\"group\" aria-roledescription=\"slide\" aria-label=\"3 von 8\"><figure class=\"swiper-slide-inner\"><img decoding=\"async\" class=\"swiper-slide-image\" src=\"https:\/\/claudiaknorpp.com\/wp-content\/uploads\/elementor\/thumbs\/3-Bad-EG-Dusche-2-2-rhn3r8phggolr4tz60m02es5lrca3yzp8dam4fgako.jpg\" alt=\"3 bad eg dusche 2\" title=\"Projekte - Podere Roccatederighi, Toskana, Italien\"><\/figure><\/div><div class=\"swiper-slide\" role=\"group\" aria-roledescription=\"slide\" aria-label=\"4 von 8\"><figure class=\"swiper-slide-inner\"><img decoding=\"async\" class=\"swiper-slide-image\" src=\"https:\/\/claudiaknorpp.com\/wp-content\/uploads\/elementor\/thumbs\/4-vano-scale-2-rhn3r9nbnapw2qsm0j0mmwjm757nbo3fkhy3lpeweg.jpg\" alt=\"4 vano scale\" title=\"Projekte - Podere Roccatederighi, Toskana, Italien\"><\/figure><\/div><div class=\"swiper-slide\" role=\"group\" aria-roledescription=\"slide\" aria-label=\"5 von 8\"><figure class=\"swiper-slide-inner\"><img decoding=\"async\" class=\"swiper-slide-image\" src=\"https:\/\/claudiaknorpp.com\/wp-content\/uploads\/elementor\/thumbs\/5-soggiorno-con-scaffale-2-rhn3ral5u4r6ecr8v1f97eb2sj30jd75wmll2zdi88.jpg\" alt=\"5 soggiorno con scaffale\" title=\"Projekte - Podere Roccatederighi, Toskana, Italien\"><\/figure><\/div><div class=\"swiper-slide\" role=\"group\" aria-roledescription=\"slide\" aria-label=\"6 von 8\"><figure class=\"swiper-slide-inner\"><img decoding=\"async\" class=\"swiper-slide-image\" src=\"https:\/\/claudiaknorpp.com\/wp-content\/uploads\/elementor\/thumbs\/2-Durchgang-2-Wohnen-OK-2-rhn3r7rn9mnbfivcbi7dhx0p0dgww9vyw8n4n5hoqw.jpg\" alt=\"2 durchgang 2 wohnen ok\" title=\"Projekte - Podere Roccatederighi, Toskana, Italien\"><\/figure><\/div><div class=\"swiper-slide\" role=\"group\" aria-roledescription=\"slide\" aria-label=\"7 von 8\"><figure class=\"swiper-slide-inner\"><img decoding=\"async\" class=\"swiper-slide-image\" src=\"https:\/\/claudiaknorpp.com\/wp-content\/uploads\/elementor\/thumbs\/8-Schlafen-1.OG_-rhn3rdeoemv1d6n5ekn4wvlgkop46gicx0k1it9bpk.jpg\" alt=\"8 schlafen 1.og\" title=\"Projekte - Podere Roccatederighi, Toskana, Italien\"><\/figure><\/div><div class=\"swiper-slide\" role=\"group\" aria-roledescription=\"slide\" aria-label=\"8 von 8\"><figure class=\"swiper-slide-inner\"><img decoding=\"async\" class=\"swiper-slide-image\" src=\"https:\/\/claudiaknorpp.com\/wp-content\/uploads\/elementor\/thumbs\/6-Bad-1.OG2_-2-rhn3rbj00ysgpypvpjtvrw2jdwydr2aw8r92k9c420.jpg\" alt=\"6 bad 1.og,2\" title=\"Projekte - Podere Roccatederighi, Toskana, Italien\"><\/figure><\/div>\t\t\t<\/div>\n\t\t\t\t\t\t\t\t\t\t\t\t<div class=\"elementor-swiper-button elementor-swiper-button-prev\" role=\"button\" tabindex=\"0\">\n\t\t\t\t\t\t<svg aria-hidden=\"true\" class=\"e-font-icon-svg e-eicon-chevron-left\" viewbox=\"0 0 1000 1000\" xmlns=\"http:\/\/www.w3.org\/2000\/svg\"><path d=\"M646 125C629 125 613 133 604 142L308 442C296 454 292 471 292 487 292 504 296 521 308 533L604 854C617 867 629 875 646 875 663 875 679 871 692 858 704 846 713 829 713 812 713 796 708 779 692 767L438 487 692 225C700 217 708 204 708 187 708 171 704 154 692 142 675 129 663 125 646 125Z\"><\/path><\/svg>\t\t\t\t\t<\/div>\n\t\t\t\t\t<div class=\"elementor-swiper-button elementor-swiper-button-next\" role=\"button\" tabindex=\"0\">\n\t\t\t\t\t\t<svg aria-hidden=\"true\" class=\"e-font-icon-svg e-eicon-chevron-right\" viewbox=\"0 0 1000 1000\" xmlns=\"http:\/\/www.w3.org\/2000\/svg\"><path d=\"M696 533C708 521 713 504 713 487 713 471 708 454 696 446L400 146C388 133 375 125 354 125 338 125 325 129 313 142 300 154 292 171 292 187 292 204 296 221 308 233L563 492 304 771C292 783 288 800 288 817 288 833 296 850 308 863 321 871 338 875 354 875 371 875 388 867 400 854L696 533Z\"><\/path><\/svg>\t\t\t\t\t<\/div>\n\t\t\t\t\n\t\t\t\t\t\t\t\t\t<div class=\"swiper-pagination\"><\/div>\n\t\t\t\t\t\t\t\t\t<\/div>\n\t\t\t\t\t\t<\/div>\n\t\t\t\t<\/div>\n\t\t\t\t<\/div>\n\t\t\t\t\t<\/div>\n\t\t\t\t<\/div>\n\t\t\t\t<\/div>","protected":false},"excerpt":{"rendered":"<p>Podere Rocca Wohnhaus, Roccatederighi, GR, Italien (Work in progress) Die AusgangssituationDas bestehende Wohnhaus war von einer rustikalen Gestaltung gepr\u00e4gt, mit wenig Licht im Erdgeschoss und einer eingeschr\u00e4nkten Raumaufteilung. Es verf\u00fcgte \u00fcber nur ein Badezimmer, eine gemauerte Treppe ins Obergeschoss sowie einen klassischen Cottoboden. Die AufgabeGew\u00fcnscht war eine grundlegende Neuorganisation des Hauses: die Verlegung der Treppe, [&hellip;]<\/p>\n","protected":false},"author":1,"featured_media":0,"parent":0,"menu_order":0,"comment_status":"closed","ping_status":"closed","template":"","meta":{"site-sidebar-layout":"no-sidebar","site-content-layout":"page-builder","ast-site-content-layout":"full-width-container","site-content-style":"unboxed","site-sidebar-style":"unboxed","ast-global-header-display":"","ast-banner-title-visibility":"","ast-main-header-display":"","ast-hfb-above-header-display":"","ast-hfb-below-header-display":"","ast-hfb-mobile-header-display":"","site-post-title":"disabled","ast-breadcrumbs-content":"","ast-featured-img":"disabled","footer-sml-layout":"","ast-disable-related-posts":"","theme-transparent-header-meta":"enabled","adv-header-id-meta":"","stick-header-meta":"","header-above-stick-meta":"","header-main-stick-meta":"","header-below-stick-meta":"","astra-migrate-meta-layouts":"set","ast-page-background-enabled":"default","ast-page-background-meta":{"desktop":{"background-color":"","background-image":"","background-repeat":"repeat","background-position":"center center","background-size":"auto","background-attachment":"scroll","background-type":"","background-media":"","overlay-type":"","overlay-color":"","overlay-opacity":"","overlay-gradient":""},"tablet":{"background-color":"","background-image":"","background-repeat":"repeat","background-position":"center center","background-size":"auto","background-attachment":"scroll","background-type":"","background-media":"","overlay-type":"","overlay-color":"","overlay-opacity":"","overlay-gradient":""},"mobile":{"background-color":"","background-image":"","background-repeat":"repeat","background-position":"center center","background-size":"auto","background-attachment":"scroll","background-type":"","background-media":"","overlay-type":"","overlay-color":"","overlay-opacity":"","overlay-gradient":""}},"ast-content-background-meta":{"desktop":{"background-color":"var(--ast-global-color-5)","background-image":"","background-repeat":"repeat","background-position":"center center","background-size":"auto","background-attachment":"scroll","background-type":"","background-media":"","overlay-type":"","overlay-color":"","overlay-opacity":"","overlay-gradient":""},"tablet":{"background-color":"var(--ast-global-color-5)","background-image":"","background-repeat":"repeat","background-position":"center center","background-size":"auto","background-attachment":"scroll","background-type":"","background-media":"","overlay-type":"","overlay-color":"","overlay-opacity":"","overlay-gradient":""},"mobile":{"background-color":"var(--ast-global-color-5)","background-image":"","background-repeat":"repeat","background-position":"center center","background-size":"auto","background-attachment":"scroll","background-type":"","background-media":"","overlay-type":"","overlay-color":"","overlay-opacity":"","overlay-gradient":""}},"footnotes":""},"class_list":["post-2465","page","type-page","status-publish","hentry"],"_links":{"self":[{"href":"https:\/\/claudiaknorpp.com\/it\/wp-json\/wp\/v2\/pages\/2465","targetHints":{"allow":["GET"]}}],"collection":[{"href":"https:\/\/claudiaknorpp.com\/it\/wp-json\/wp\/v2\/pages"}],"about":[{"href":"https:\/\/claudiaknorpp.com\/it\/wp-json\/wp\/v2\/types\/page"}],"author":[{"embeddable":true,"href":"https:\/\/claudiaknorpp.com\/it\/wp-json\/wp\/v2\/users\/1"}],"replies":[{"embeddable":true,"href":"https:\/\/claudiaknorpp.com\/it\/wp-json\/wp\/v2\/comments?post=2465"}],"version-history":[{"count":154,"href":"https:\/\/claudiaknorpp.com\/it\/wp-json\/wp\/v2\/pages\/2465\/revisions"}],"predecessor-version":[{"id":4967,"href":"https:\/\/claudiaknorpp.com\/it\/wp-json\/wp\/v2\/pages\/2465\/revisions\/4967"}],"wp:attachment":[{"href":"https:\/\/claudiaknorpp.com\/it\/wp-json\/wp\/v2\/media?parent=2465"}],"curies":[{"name":"wp","href":"https:\/\/api.w.org\/{rel}","templated":true}]}}